{"id":981,"date":"2023-04-03T05:47:48","date_gmt":"2023-04-03T11:47:48","guid":{"rendered":"https:\/\/el-despertar.org\/?page_id=981"},"modified":"2025-04-09T21:15:54","modified_gmt":"2025-04-10T03:15:54","slug":"fluyendo-hacia-el-poder-de-la-voluntad-y-el-crecimiento-atraves-de-la-alegria","status":"publish","type":"page","link":"https:\/\/el-despertar.org\/index.php\/fluyendo-hacia-el-poder-de-la-voluntad-y-el-crecimiento-atraves-de-la-alegria\/","title":{"rendered":"Fluyendo hacia el Poder de la Voluntad y el Crecimiento a Trav\u00e9s de la Alegr\u00eda"},"content":{"rendered":"\n<figure class=\"wp-block-image size-large\"><img loading=\"lazy\" decoding=\"async\" width=\"1011\" height=\"1024\" src=\"https:\/\/el-despertar.org\/wp-content\/uploads\/2023\/04\/Screenshot_2023-04-03-07-17-58-408-edit_com.whatsapp-1011x1024.jpg\" alt=\"\" class=\"wp-image-991\" srcset=\"https:\/\/el-despertar.org\/wp-content\/uploads\/2023\/04\/Screenshot_2023-04-03-07-17-58-408-edit_com.whatsapp-1011x1024.jpg 1011w, https:\/\/el-despertar.org\/wp-content\/uploads\/2023\/04\/Screenshot_2023-04-03-07-17-58-408-edit_com.whatsapp-296x300.jpg 296w, https:\/\/el-despertar.org\/wp-content\/uploads\/2023\/04\/Screenshot_2023-04-03-07-17-58-408-edit_com.whatsapp-768x778.jpg 768w, https:\/\/el-despertar.org\/wp-content\/uploads\/2023\/04\/Screenshot_2023-04-03-07-17-58-408-edit_com.whatsapp-600x608.jpg 600w, https:\/\/el-despertar.org\/wp-content\/uploads\/2023\/04\/Screenshot_2023-04-03-07-17-58-408-edit_com.whatsapp-100x100.jpg 100w, https:\/\/el-despertar.org\/wp-content\/uploads\/2023\/04\/Screenshot_2023-04-03-07-17-58-408-edit_com.whatsapp-59x60.jpg 59w, https:\/\/el-despertar.org\/wp-content\/uploads\/2023\/04\/Screenshot_2023-04-03-07-17-58-408-edit_com.whatsapp-89x90.jpg 89w, https:\/\/el-despertar.org\/wp-content\/uploads\/2023\/04\/Screenshot_2023-04-03-07-17-58-408-edit_com.whatsapp.jpg 1080w\" sizes=\"auto, (max-width: 1011px) 100vw, 1011px\" \/><\/figure>\n\n\n\n<p>Al leer o escuchar el contenido de esta p\u00e1gina estas eligiendo conscientemente, recordando y avisando a cada una de tus partes, que puedes crecer y evolucionar m\u00e1s elegantemente a trav\u00e9s del amor y la alegr\u00eda.<\/p>\n\n\n\n<p>Comencemos diferenciando entre la fuerza de voluntad y el poder de la voluntad. La fuerza de voluntad por el lado positivo puede ser un sentido de gran determinaci\u00f3n, y por el lado negativo puede ser una gran terquedad. Cualquiera que sea, determinaci\u00f3n o terquedad, cualquiera que sea, positivo o negativo, siempre habr\u00e1 un cierto grado de lucha.<\/p>\n\n\n\n<p>En el planeta tierra, la lucha desafortunadamente ha sido ennoblecida. Las personas valoran la fuerza de voluntad ya sea negativa (terco, obstinado, luchando con esa terquedad o luchando con esa obstinaci\u00f3n), o incluso si es positivo (luchando con su determinaci\u00f3n) fuerza de voluntad implica lucha como com\u00fan denominador y tambi\u00e9n implica el empleo de la fuerza como com\u00fan denominador.<\/p>\n\n\n\n<p>El poder de la voluntad, en cambio, no tiene nada que ver con la fuerza ni con la lucha. El poder de la voluntad es un poder de permitir, de permitirte ser &#8211; no de hacer que se o de obligarlos a ser o insistir en que sea- permiti\u00e9ndole ser. Cada persona tiene una voluntad dentro de si, una voluntad que incluye a su destino &#8211; lo que ha venido a hacer en esta vida. Un verdadero destino siempre es auto elegido.<\/p>\n\n\n\n<p>Tu tienes una voluntad que incluye un sentido de recordar a Casa, recordar tu relaci\u00f3n con Dios\/Diosa\/Todo lo que es&#8230; recordar ese lugar original al cual est\u00e1s tratando de regresar. Existe una voluntad dentro de cada persona, y esa voluntad tiene una tremenda cantidad de poder.<\/p>\n\n\n\n<p>Cuando una persona est\u00e1 dispuesta a aceptar su destino a trav\u00e9s de elegirlo, dispuesta a entender sus enfoques a trav\u00e9s de explorarlos, dispuesta a abrirse a su visi\u00f3n a trav\u00e9s de imaginarla, y dispuesta a permitirse recordar su relaci\u00f3n con Dios\/Diosa\/Todo lo que es a trav\u00e9s de sentirla, dicha persona posee un enorme poder dentro de si&#8230; un poder que genera milagros.<\/p>\n\n\n\n<p>El poder de la voluntad es el poder capaz de generar tu realidad en la manera en que t\u00fa quieres que sea. Con \u00e9l, tu puedes experimentar el dominio en tu realidad, es decir, tu puedes hacer frente a un mundo que se est\u00e1 relacionando contigo en t\u00e9rminos amigables, en donde t\u00fa est\u00e1s co-creando tu realidad a partir de la alegr\u00eda y la celebraci\u00f3n de la vida en lugar de la necesidad de luchar.<\/p>\n\n\n\n<p>Cuando utilizas el poder de la voluntad, tu dejas que los obst\u00e1culos se quiten del camino y te permites a ti mismo moverte con gracia, con elegancia y con excelencia a trav\u00e9s de tu vida. Esa quiz\u00e1s sea la mejor manera de describir la diferencia entre la elegancia del poder de la voluntad y la lucha de la fuerza de voluntad.<\/p>\n\n\n\n<p>El camino de crecimiento a trav\u00e9s de la Alegr\u00eda, comenzado con el cambio de actitud de la vieja era. La vieja era dice &#8220;Si algo vale la pena tener, vale la pena luchar por ello, esperarlo&#8221; Ennoblece todo este tipo de conceptos puritanos. Propone que t\u00fa deber\u00edas de trabajar muy duro toda tu vida, y entonces, cuando seas viejo y ya no puedas trabajar, podr\u00e1s gozar de tu vida.<\/p>\n\n\n\n<p>La creaci\u00f3n de esta ilusi\u00f3n que es el plano f\u00edsico de la realidad se supon\u00eda que nunca tuviera que ser dif\u00edcil. Se supon\u00eda que debiera ser una experiencia de crecimiento llena de alegr\u00eda y celebraci\u00f3n.<\/p>\n\n\n\n<p>Haciendo el cuento corto, alguien hace algo mal por ellos y se inventa una fracesilla para que los dem\u00e1s no lo vean como un tonto, una persona que realmente cometi\u00f3 un error y en ves de aceptarlo y decirse a si mismo, no tuve el suficiente cuidado y me perdono por eso y sigo adelante creando cosas que no sean dolorosas, a pero no, prefieren convencer a la mayor cantidad de gente para que acepten su mentira y de esa manera no sentirse tontos, y de alguna manera eso se convierte en virtud.<\/p>\n\n\n\n<p>Tu puedes crecer a trav\u00e9s de la lucha si sigues deseando ese camino, tu adversidad puede ser una motivaci\u00f3n para acabar con la adversidad. Tu dolor puede ser una motivaci\u00f3n para detener el dolor. El nuevo m\u00e9todo de crecimiento es crecer a trav\u00e9s de la alegr\u00eda y el amor &#8211; ver la vida no como algo que tienes que confrontar y vencer, sino como algo con lo cual encontrarte y celebrar. T\u00fa puedes aprender a trav\u00e9s del dolor, pero tambi\u00e9n puedes aprender de una manera mucho m\u00e1s r\u00e1pida a trav\u00e9s de la alegr\u00eda de la vida.<\/p>\n\n\n\n<p>Otro mito falso es que t\u00fa necesitas experimentar dolor para apreciar el amor y la felicidad. Es tan falsa esa creencia limitante, como cuando de ni\u00f1o te dan una nieve y \u00a1supiste inmediatamente que estaba rico! sin tener la necesidad de probar una cosa agria. <\/p>\n\n\n\n<p>De la misma forma no necesitas luchar para apreciar el valor de una vida libre de lucha. La consciencia humana es lo suficientemente evolucionada y las personas son lo suficientemente sofisticadas para reconocer el valor del amor y la alegr\u00eda. Es tiempo de abandonar la lucha, de abandonar el sufrimiento y de apreciarlo por lo que fue. No te censures ni te flageles pero date cuenta de que es tiempo de que t\u00fa como individuo saltes la vieja era y entres en la nueva era. Crece mediante estos m\u00e9todos m\u00e1s alegres.<\/p>\n\n\n\n<p>Para ayudarlos a crecer a trav\u00e9s de la felicidad, la risa y la maravilla de todo, es importante que tomen el papel de co-creador de tu realidad con Dios\/Diosa\/Todo lo que es y manifiesten en sus vidas m\u00e1s amor, m\u00e1s felicidad y m\u00e1s \u00e9xito a trav\u00e9s &#8220;del estado de maravilla&#8221; que son, en lugar de seguir las rutas anticuadas de sufrimiento, lucha y penuria que les fueron ense\u00f1adas tanto en otras vidas como en la parte mas temprana de \u00e9sta.<\/p>\n\n\n\n<p>Es tiempo de un nuevo cambio, una nueva era de crecimiento. Y el punto mas importante es que funciona.<\/p>\n\n\n\n<p>Sufrir, luchar y estar en dolor ha sido, por as\u00ed decirlo, el regimen de crecimiento, lo que siempre ha existido. No se sientan mal con ustedes mismos, simplemente hicieron lo mejor que podr\u00edan con su conocimiento en ese momento. Ahora vamos a compartirles como tener una transici\u00f3n hacia el camino del amor y la alegr\u00eda.<\/p>\n\n\n\n<p>El primer paso, el paso vital, es reconocer qu\u00e9 tanto quieres crecer que el dolor es el \u00fanico camino de crecimiento. Necesitas estar dispuesto a establecer una base. Por todos los a\u00f1os de dolor, por todo el tiempo dedicado al luchar, necesitas darte cuenta, normalmente dec\u00edan simplemente yo lo quise as\u00ed, yo pens\u00e9 que era el \u00fanico camino. Yo sent\u00ed que era el \u00fanico camino.<\/p>\n\n\n\n<p>Necesitas ser honesto. &#8220;Todo el mundo dijo que era el \u00fanico camino, y yo no me tom\u00e9 la molestia de buscar m\u00e1s a fondo. &#8220;T\u00fa realmente necesitas ver y reconocer que tu querias que el dolor fuese el \u00fanico camino de crecimiento por diversas razones. Realmente necesecitas admitir, que fuiste tu quien lo quizo. Seguramente pudiste haber sido ense\u00f1ado. Seguramente te lo pudieron haber indicado por demostraci\u00f3n, y en ese sentido, diversas personas que se presentan a s\u00ed mismas com lideres, como gur\u00fas, como maestros, pudieron haberte dado la instrucci\u00f3n &#8220;Sin dolor no hay ganancia&#8221;.<\/p>\n\n\n\n<p>Sin embargo, t\u00fa necesitas ver m\u00e1s profundamente y reconocer que t\u00fa creas tu propia realidad y por consiguiente t\u00fa creaste el haber sido ense\u00f1ado y el haber sido indicado que el dolor era la \u00fanica via de crecimiento disponible. Cuando puedas reconocer eso, cuando puedas admitir, eso, entonces podr\u00e1s perdonarte a ti mismo, perdonarte a ti mismo por haber creido en la mentira, y perdonarte a ti mismo por haber creido en las limitaciones, perdonarte a ti mismo por haber estado atrapado en lo que verdaderamente es la vieja era y el viejo sentido de crecimiento que ha predominando tanto en tu mundo.<\/p>\n\n\n\n<p>Entonces, el cambio podr\u00eda surgir, ustedes podr\u00e1n abrir sus corazones y abrir sus cabezas &#8211; ambas cosas, en ese sentido en particular &#8211; a la posibilidad de que pueden crecer a traves de la alegr\u00eda, de que existe una alternativa.<\/p>\n\n\n\n<p>Todav\u00eda puedes crecer a trav\u00e9s del dolor si eso quieres. No es que esa v\u00eda est\u00e9 cerrada para ti, sino que una nueva v\u00eda est\u00e1 abierta para ti. Por lo tanto, reconoce, admite, perdona y cambia. Este proceso puede moverte de manera muy poderosa y muy hermosa hacia adelante &#8211; hacia adelante con amor, luz, risa y alegr\u00eda.<\/p>\n\n\n\n<p>En segundo lugar, examinar la creencia y literalmente cambiar la creencia. Entiende que todas las creencias son ilusi\u00f3n, y por lo tanto escoge las creencias ilusorias que funcionan con mayor eficacia para ti. \u00bfQu\u00e9 ventaja obtienes de creer en el miedo y en el dolor? \u00bfQu\u00e9 ventajas alternativas podr\u00edas recibir al creer en la alegr\u00eda y en la risa?<\/p>\n\n\n\n<p>Tanto tiempo han estado creciendo por el camino del miedo y el dolor que han de pensar que sera algo fuera de tu contexto experimentar, pero te sugerimos que lo intentes de todas maneras, date la oportunidad de crecer por el amor y la alegr\u00eda. Y mira lo que sucede, observa, cuando te lanzas a la alegr\u00eda, cuando te lanzas a la risa, cuando te lanzas a la maravilla de lo que es tu realidad. Este es el tercer paso: \u00a1Intenta la alegr\u00eda!.<\/p>\n\n\n\n<p>Mientras lo intentas y descubres que si funciona, \u00e9se es el \u00edmpetu m\u00e1s grandioso para continuar, lo cual es el cuarto componente. una vez que comienzas con la alegr\u00eda, una vez que comienzas con la risa y descubres la belleza por ello, perm\u00edtete aligerarte, y todo lo que eso conlleva. Date cuenta de que quiz\u00e1s fuiste un tonto por tomar la vida de una manera tan seria y tan pesada antes, pero que continuar con esa tonter\u00eda no la eliminar\u00eda. Por lo tanto estar\u00e9 dispuesto a admitir: &#8220;Muy bien encontre una nueva manera.&#8221; En vez de sentirte culpable o permitir que el orgullo interfiera, perm\u00edtete a ti mismo meterte de lleno y desenfadadamente en esa nueva manera de crecer, a trav\u00e9s de la alegr\u00eda y la risa, y perm\u00edtete continuar de una manera ligera.<\/p>\n\n\n\n<p>Tomate estos cuatro pasos, alig\u00e9rate y perm\u00edtete volar.<\/p>\n\n\n\n<p><strong>Procesando y Programando<\/strong><\/p>\n\n\n\n<p>Primero que nada hay que recordarles que confien en el proceso de procesar, que confien en el proceso de procesar, que confien en el proceso de programar, que confien en el proceso de hacer lo que viniste a hacer en este plano f\u00edsico, y eso amigos, eso es aprender a divertirte y a crear \u00e9xito conscientemente. Si ese es tu proceso, entonces por supuesto conf\u00eda en \u00e9l.<\/p>\n\n\n\n<p>Confia en todo lo que sientes, lo que percibes a traves de tus 13 sentidos. Simplemente estate atento en el ahora, analizate y ve. Despeja lo que tengas que despejar programando y procesando tus sentidos. Limpia la basura del subconsciente que cargas, para que puedas oir lo que tu Yo Superior est\u00e1 diciendo. As\u00ed es como encaja y es precisamente donde muchos de ustedes se confunden.<\/p>\n\n\n\n<p>Aqui yace la mayor parte del principal problema, el atascamiento de informaci\u00f3n en tu subconsciente. Se te dicen fragmentos de verdad, pero no la totalidad de la verdad, y entonces acabas moviendote en c\u00edrculos preguntandote por que tu vida no est\u00e1 funcionando. No es porque lo que se te dice no sea cierto, si no porque lo que se te dice no es completamente cierto.<\/p>\n\n\n\n<p>El subconsciente acumula cada part\u00edcula de informaci\u00f3n que entra a tu concepto en tu vida. Por consecuente cuando la informaci\u00f3n est\u00e1 siendo enviada de tu yo superior hacia tu consciente, primero pasa por el filtro que por ahora esta sucio, y luego llega a tu consciente, pero llega codificada diferente por que se ensucio, por conceptos e ideolog\u00edas de seres que buscaban controlarlos y la luz de la fuerza de Dios no llega integra a el consciente. Tambi\u00e9n contiene toda la informaci\u00f3n basura, todas las limitantes que sostienes, todas las ideas que tu adolescente recogi\u00f3, todos los conceptos err\u00f3neos del ni\u00f1o, y todas las ideas chifladas e idiotas que el mundo ha puesto all\u00e1 afuera &#8211; tu subconsciente las tiene.<\/p>\n\n\n\n<p>Lo que escuchas podr\u00eda ser tu ego negativo o alguna idea absurda que escuchaste de alg\u00fan loco por la radio o la televisi\u00f3n, incluso cuando te quedaste dormido se graban las frecuencias que emite en tu subconsciente. Haz escuchado los cantos de tu subconsciente, el amor es doloroso, el amor es hiriente, el amor es terrible, no puedo vivir sin \u00e9l, no puedo vivir con \u00e9l, es horrible, es repugnante, yo no s\u00e9 como manejarlo, tu rompiste mi coraz\u00f3n, estoy triste, estoy triste, estoy terriblemente triste, y se repite constantemente a lo que est\u00e1 ahi grabado&#8230;. hasta que lo purifiques.<\/p>\n\n\n\n<p>Todo eso est\u00e1 ahi dentro, todos esos mensajes sobre el amor est\u00e1n ahi dentro, y te preguntas \u00bfpor qu\u00e9 las relaciones no funcionan? No funcionan por que tienes todo ese barullo, \u00bfacaso escuchas las palabras? \u00bfAcaso escuchas algunas de las palabras que oyes? Te quedas dormido y te la pasas viendo la televisi\u00f3n. Todas esas sugerencias, todas esas programaciones est\u00e1n entrando absolutamente. Cada pel\u00edcula de horror que has visto, cada pel\u00edcula de cuchilladas, de sangre y entra\u00f1as que has visto esta en tu mente subconsciente, y te preguntas por qu\u00e9 creas el miedo en tu realidad. Te preguntas por que haces ese tipo de cosas. !Por que esta ahi!<\/p>\n\n\n\n<p>Muy bien, ahora dinos que clase de claridad vas a recibir cuando simplemente confias en tu Consciencia Superior antes de haber despejado todas esas cosas. Vas a recibir un mont\u00f3n de bla bla bl\u00e1. Vas a recibir profesores de escuela y maestros de escuela diciendote. Nunca llegar\u00e1s a nada, nunca lograr\u00e1s nada, necesitas tener dolor para poder crecer, necesitas sufrir para realmente valorar algo, puedes tener toda esa porquer\u00eda ahi guardada, falsas creencias y lo que tu crees que es tu yo superior comenzar\u00e1 a decirte ese tipo de cosas.<\/p>\n\n\n\n<p>Ver\u00e1s cuando tienes ese tipo de basura en tu subconsciente, ensuciar\u00e1 la comunicaci\u00f3n del Yo Superior. Quiza tuviste un maestro, padres, sociedad, religion que te enga\u00f1o y te forzo a aprender por el camino dif\u00edcil. Ahora tu Yo superior habla as\u00ed, pues te diremos que !NO LO HACE\u00a1 De los que tomaste esas ense\u00f1anzas hablaban as\u00ed &#8211; No tu Yo Superior.<\/p>\n\n\n\n<p>Cuando tienes la porquer\u00eda, la basura en tu subconsciente, eso producir\u00e1 basura en tus comunicaciones, incluso si fuera realmente tu Yo Superior el que se est\u00e1 comunicando, la informaci\u00f3n podr\u00eda estar tergiversada o equivocada por que tiene que atravesar por el subconsciente para llegar a ti.<\/p>\n\n\n\n<p>Por eso comienzas por procesar, y cuando hayas despejado tu subconsciente, lo cual muchas personas ya lo han hecho, entonces definitivamente escucha la voluntad de tu Yo Superior. Permite que tu Yo Superior te gu\u00ede. Permite que te dirija y te conduzca de esa manera \u00a1Absolutamente!<\/p>\n\n\n\n<p>Ver\u00e1s, hacia eso estamos trabajando nosotros. Tu no puedes correr hasta que aprendas a caminar. Y en ese sentido, demasiadas personas quieren correr. Es hermoso que quieras correr. Pero no te odies a ti mismo tanto que te rehuses a aprender a caminar primero.<\/p>\n\n\n\n<p>Ver\u00e1s, nosotros hablamos de procesar y programar, y alguien llega y dice: No hagas eso. Simplemente conf\u00eda en Dios. Suelta y permite a Dios. Una frase pegajosa, casi l\u00edrica. Pero, \u00bfQu\u00e9 significa?\u00bfQu\u00e9 es lo que &#8220;Dios&#8221; te dir\u00e1?\u00bfQu\u00e9 clase de &#8220;Dios&#8221; tienes?<\/p>\n\n\n\n<p>Si eres cat\u00f3lico, tienes uno bastante dif\u00edcil. Si eres jud\u00edo, tienes una clase totalmente diferente de Dios. Si eres bautista, tu Dios dice &#8220;No bailes, no fumes, no bebas, no te diviertas, no uses maquillaje, usa ropa simple&#8221;. Si eres metodista libre, vistete tan desali\u00f1ado como puedas. Si eres metodista tu Dios dice: &#8220;Oye, p\u00e1satela bien!&#8221; <\/p>\n\n\n\n<p>Los &#8220;Dioses&#8221; que tienes son diferentes, pero no porque Dios sea diferente, sino porque tu subconsciente lee esa informaci\u00f3n. Incluso lo que te estamos diciendo ahora se est\u00e1 filtrando a traves de tu subconsciente, y si tu subconsciente est\u00e1 lleno de todo tipo de basura de mam\u00e1\/pap\u00e1, entonces vas a proyectar al padre en nosotros, y trataras de convertirnos ya sea en un padre que va a cuidar de ti, o en un padre contra el cual tienes que revelarte. Pero eso es asunto tuyo, no de nosotros. Y es asunto tuyo, no de Dios &#8211; es asunto tuyo, no de tu Yo Superior.<\/p>\n\n\n\n<p>Por lo tanto, &#8220;suelta y permite a Dios&#8221; cuando est\u00e9s lo suficientemente claro para soltar y permitir a Dios. Deja que tu Yo Superior te gu\u00ede cuando est\u00e9s lo suficientemente claro para permitir que tu Yo Superior te gu\u00ede &#8211; cuando est\u00e9s listo, cuando est\u00e9s listo. Hasta que te ames a ti mismo totalmente, trabaja en despejar las cosas.<\/p>\n\n\n\n<p>Quiz\u00e1s quieras examinar por qu\u00e9 est\u00e1s tan ansioso de saltarte esto. \u00bfPor qu\u00e9?\u00bfQu\u00e9 es lo que temes  encontrar?\u00bfQu\u00e9 cosa tan terrible hay acerca de procesar que no quieres hacerlo?\u00bfQu\u00e9 cosa tan terrible hay acerca de programar que quieres saltarte ese paso y ponerlo todo en manos de tu Yo Superior?&#8221;\u00bfPor qu\u00e9 te odias tanto a ti mismo que vas a privarte de una de las oportunidades m\u00e1s hermosas que tienes?&#8221;<\/p>\n\n\n\n<p>\u00bfPor que te odias tanto a ti mismo que vas a renunciar a todo para lo cual se ha creado esta realidad f\u00edsica (aprender a divertirte, aprender a crear \u00e9xito conscientemente)?\u00bfPara que amar todo eso y luego darle la espalda? T\u00fa necesitas amarte a ti mismo m\u00e1s. Necesitas respetarte a ti mismo m\u00e1s. Necesitas tenerte cari\u00f1o a ti mismo. Y si, muevete hacia &#8220;dejar que Dios lo haga&#8221;. Mu\u00e9vete hacia &#8220;dejar que tu Yo Superior lo haga&#8221;. Pero despeja la basura del camino.<\/p>\n","protected":false},"excerpt":{"rendered":"<p>Al leer o escuchar el contenido de esta p\u00e1gina estas eligiendo conscientemente, recordando y avisando a cada una de tus partes, que puedes crecer y evolucionar m\u00e1s elegantemente a trav\u00e9s del amor y la alegr\u00eda. Comencemos diferenciando entre la fuerza de voluntad y el poder de la voluntad. La fuerza de voluntad por el lado <a href=\"https:\/\/el-despertar.org\/index.php\/fluyendo-hacia-el-poder-de-la-voluntad-y-el-crecimiento-atraves-de-la-alegria\/\" rel=\"nofollow\"><span class=\"sr-only\">Read more about Fluyendo hacia el Poder de la Voluntad y el Crecimiento a Trav\u00e9s de la Alegr\u00eda<\/span>[&hellip;]<\/a><\/p>\n","protected":false},"author":2,"featured_media":0,"parent":0,"menu_order":0,"comment_status":"closed","ping_status":"closed","template":"","meta":{"footnotes":""},"class_list":["post-981","page","type-page","status-publish","hentry"],"_links":{"self":[{"href":"https:\/\/el-despertar.org\/index.php\/wp-json\/wp\/v2\/pages\/981","targetHints":{"allow":["GET"]}}],"collection":[{"href":"https:\/\/el-despertar.org\/index.php\/wp-json\/wp\/v2\/pages"}],"about":[{"href":"https:\/\/el-despertar.org\/index.php\/wp-json\/wp\/v2\/types\/page"}],"author":[{"embeddable":true,"href":"https:\/\/el-despertar.org\/index.php\/wp-json\/wp\/v2\/users\/2"}],"replies":[{"embeddable":true,"href":"https:\/\/el-despertar.org\/index.php\/wp-json\/wp\/v2\/comments?post=981"}],"version-history":[{"count":30,"href":"https:\/\/el-despertar.org\/index.php\/wp-json\/wp\/v2\/pages\/981\/revisions"}],"predecessor-version":[{"id":1189,"href":"https:\/\/el-despertar.org\/index.php\/wp-json\/wp\/v2\/pages\/981\/revisions\/1189"}],"wp:attachment":[{"href":"https:\/\/el-despertar.org\/index.php\/wp-json\/wp\/v2\/media?parent=981"}],"curies":[{"name":"wp","href":"https:\/\/api.w.org\/{rel}","templated":true}]}}