{"id":949,"date":"2023-04-02T09:53:04","date_gmt":"2023-04-02T15:53:04","guid":{"rendered":"https:\/\/el-despertar.org\/?page_id=949"},"modified":"2024-01-23T22:38:48","modified_gmt":"2024-01-24T04:38:48","slug":"fluyendo-hacia-vivir-una-vida-mas-natural","status":"publish","type":"page","link":"https:\/\/el-despertar.org\/index.php\/fluyendo-hacia-vivir-una-vida-mas-natural\/","title":{"rendered":"Fluyendo hacia vivir una vida m\u00e1s natural"},"content":{"rendered":"\n<figure class=\"wp-block-image size-full\"><img loading=\"lazy\" decoding=\"async\" width=\"560\" height=\"350\" src=\"https:\/\/el-despertar.org\/wp-content\/uploads\/2023\/04\/1.jpg\" alt=\"\" class=\"wp-image-969\" srcset=\"https:\/\/el-despertar.org\/wp-content\/uploads\/2023\/04\/1.jpg 560w, https:\/\/el-despertar.org\/wp-content\/uploads\/2023\/04\/1-300x188.jpg 300w, https:\/\/el-despertar.org\/wp-content\/uploads\/2023\/04\/1-96x60.jpg 96w, https:\/\/el-despertar.org\/wp-content\/uploads\/2023\/04\/1-144x90.jpg 144w\" sizes=\"auto, (max-width: 560px) 100vw, 560px\" \/><\/figure>\n\n\n\n<p>Al leer o escuchar el contenido de esta p\u00e1gina estas eligiendo conscientemente, recordando y avisando a cada una de tus partes, que puedes crecer y evolucionar m\u00e1s elegantemente a trav\u00e9s del amor y la alegr\u00eda.<\/p>\n\n\n\n<p>Cuando comienzas a escuchar el llamado de tu alma, comienzas a escuchar su m\u00fasica. Comenzar\u00e1s sobre todo a tener un acuerdo de socio con tu yo superior, descubriendo mas de Dios\/Diosa\/Todo lo ques para que se revele m\u00e1s de lo que realmente importa hacer.<\/p>\n\n\n\n<p>Estate atento al llamado de tu alma, lo que realmente importa, el apreciar la maravilla de mi fuerza y mi poder. El alma, mientras tu vas aceptando y abrazando lo que realmente importa, revelar\u00e1 m\u00e1s. <\/p>\n\n\n\n<p>Te llama para descubrir la verdad de la energ\u00eda masculina, el poder de hacer tu propia voluntad, de actuar, de crear, de manifestar, la capacidad de encontrar el significado de algo, el hacer algo con tu voluntad, de encontrar, de crear, es la m\u00e1s bella expresi\u00f3n de la fuerza. Independientemente del genero. <\/p>\n\n\n\n<p>El lado de la verdad en la energ\u00eda femenina, la imaginaci\u00f3n, el acto de sentir, abrazando amor, es el alma se regocija. El estar consciente de lo que verdaderamente te motiva, \u00bfEs el amor? \u00bfEs la magia?, \u00bfEs el vivir magn\u00edficamente?, \u00bfEs la elecci\u00f3n?. <\/p>\n\n\n\n<p>Cuando sientes al alma, eso es escuchar la m\u00fasica. Escuchar la m\u00fasica de tu yo superior, a adaptarte al amor que ya conoces, m\u00e1s grande amor, m\u00e1s grande intimidad, el llamado de Dios\/Diosa\/Todo lo que es&#8230; ven a casa. Estoy llendo a casa. <\/p>\n\n\n\n<p>Viendo la confianza en el camino en el cual ya te est\u00e1s moviendo, viviendo una vida m\u00e1s natural, solo un cambio en la percepci\u00f3n, la medida,<\/p>\n\n\n\n<p>Hay siete aspectos principales para vivir una vida m\u00e1s natural. <\/p>\n\n\n\n<p>1. Vulnerabilidad. Ser vulnerable significa exponer tus fortalezas y tus debilidades. <\/p>\n\n\n\n<p>2. Integridad. Hacer espacio para el lado obscuro y el lado de luz, de tener la complejidad de la integridad. Permitirte ser tocado con esa luz, con ese aliento de vida, como ser la persona completa, como vivir la vida correcta.<\/p>\n\n\n\n<p>3. Lealtad. Se leal contigo mismo.<\/p>\n\n\n\n<p>4. Caballer\u00eda. El entregarte a la persecuci\u00f3n de un sue\u00f1o.<\/p>\n\n\n\n<p>5. Humildad y gracia. La humildad con la gracia, con lo que haces de manera natural. Teniendo la humildad y esa gracia te abre a la verdad.<\/p>\n\n\n\n<p>6. Verdad. Con esa verdad llega la amabilidad, el honor, el cambio, por que tu has sido tocado.<\/p>\n\n\n\n<p>7. Sabidur\u00eda. Con vivir la vida correcta viene la complejidad de la sabidur\u00eda.<\/p>\n\n\n\n<p>Con esto llegamos a las funciones:<\/p>\n\n\n\n<p>El misterio de vivir la vida correcta, El tipo de integridad. Vivir el enriquecimiento de tu vida, \u00bfteniendo gratificantes amigos? \u00bfTener la oportunidad de mostrar el poder? El dar, el compartir, el ayudar a alcanzar el sue\u00f1o. De siempre buscar la mayor verdad, de siempre buscar un m\u00e1s grande amor. Descifrar el misterio. Expandir la fundaci\u00f3n del ser, para incluir el misterio, la creaci\u00f3n, manifestaci\u00f3n. Una nueva dimensi\u00f3n de qui\u00e9n eres.<\/p>\n\n\n\n<p>Con esto llega la realizaci\u00f3n, un trabajo recompensado, la realizaci\u00f3n del \u00e9xito. Experimentar la gracia, lo que haces natural, estas en la zona, intenso en el momento.<\/p>\n\n\n\n<p>El perd\u00f3n, tu tienes que perdonar y ser perdonado. Necesitamos compasi\u00f3n, que es una pasi\u00f3n nacida de una profunda tristeza. El perd\u00f3n y la compasi\u00f3n son el n\u00facleo del entendimiento. El ser feliz permitiendo que el \u00e9xito externo te cambie internamente, encontrar los requerimientos de tus objetivos, logros, y metas, haciendo el amor que tienes, el amor propio, seguro. La felicidad es mantener el estado amoroso encontrando tus necesidades. La alegr\u00eda es la libertad de mover el amor a nuevos niveles. La felicidad mantiene el \u00e9xito, y la alegr\u00eda lo catapulta, lo dispara. La alegr\u00eda te encamina al avance, disuelve la paradoja, disuelve problemas. M\u00e1s grande felicidad, una sensaci\u00f3n de enriquecimiento, de realizaci\u00f3n, entendiendo a perdonar y comprendiendo, esto es vivir una vida m\u00e1s natural. La alegr\u00eda levanta tu felicidad y cambia desde un nivel m\u00e1s profundo el amor que arriesgarte para que se convirtiera en m\u00e1s y entonces lo cuidas, lo dejas ser m\u00e1s, encontrar un significado m\u00e1s profundo, dejalo ser infundido con la luz del esp\u00edritu, con su energ\u00eda masculina, la vida m\u00e1s natural es el reflejo de eso.<\/p>\n\n\n\n<p>Si dudas, conoce m\u00e1s, aprender m\u00e1s catapulta el amor. Ver la misma realidad es amor. Despertando el misterio cuando experimentas la unidad. Entrega tu sentido de la separaci\u00f3n. TODO LO QUE ES, YO SOY. Entr\u00e9gate a lo desconocido, a lo insondable.<\/p>\n\n\n\n<p>El c\u00edrculo del amor, que en el este es aire, y est\u00e1n los silfos, esta la libertad con responsabilidad y trasendencia, en el sur es fuego, ahi est\u00e1n las salamandras, la individualidad te dirige a la intimidad que es mi capacidad de importarme (la profundidad, la riqueza y el estiramiento), en el oeste es agua, ahi se encuentran las ondinas, la alegr\u00eda y la sanaci\u00f3n, y en el norte es tierra, los gnomos ahi se encuentran, explora lo desconocido, autoridad a traves de inspiraci\u00f3n y sabidur\u00eda te dirige a la elecci\u00f3n.<\/p>\n\n\n\n<p>La elecci\u00f3n, 1er grado, en el momento, en la mira. 2o poder, es eligiendo a donde ir, las elecciones secundarias. 3er poder, El gran cuadro que nunca cambia. Ej. Yo ser\u00e9 amoroso y alegre por siempre, ser\u00e9 siempre un ganador, vivir\u00e9 por siempre, siempre vivir\u00e9 una vida m\u00e1s natural. Una elecci\u00f3n fundamental te cambia la realidad. <\/p>\n\n\n\n<p>A trav\u00e9s de la celebraci\u00f3n de mi sabidur\u00eda, por que puedes expresar tu belleza, y tocar la realizaci\u00f3n y las albercas de alegr\u00eda y felicidad que tu voluntariamente diste. A trav\u00e9s del despertar de tu genio. El genio est\u00e1 en cuando pones atenci\u00f3n al detalle.<\/p>\n\n\n\n<p>Reconoce &#8212;&#8211; date cuenta &#8212;&#8211; perdona &#8212;- espera en la luz del perd\u00f3n &#8212;&#8211; el cambio sucede<\/p>\n\n\n\n<p>Intensidad es la llave para vivir en el momento, estar en tu elemento, se tu elemento ponte en contacto, siente, tu individualidad y libertad. Dar atenci\u00f3n al detalle es estar en amor, se paciente para escuchar lo que ellos realmente est\u00e1n diciendo, eso es intensidad. Viendo cual es cuadro mayor sin perder de vista el actual. Abre tu coraz\u00f3n y mente en presencia de tu yo superior y alma, con esa intensidad toma la desici\u00f3n en la zona prohibida y entonces suelta la elecci\u00f3n a tu yo superior, tu mente sub-consciente y a ti mismo. Y posteriormente sal.<\/p>\n\n\n\n<p>Cuando vuelvas a ir a esa meditaci\u00f3n a hacer otro cambio, la nueva elecci\u00f3n tiene que estar en una resonancia similar que la elecci\u00f3n que dejaste para poder salir antes de poner la siguiente elecci\u00f3n.<\/p>\n\n\n\n<p>Los 7 materiales b\u00e1sicos para vivir una vida m\u00e1s natural son: Divinidad, Creatividad, \u00c9xtasis, Caos, Dominio, Belleza e Imaginaci\u00f3n.<\/p>\n","protected":false},"excerpt":{"rendered":"<p>Al leer o escuchar el contenido de esta p\u00e1gina estas eligiendo conscientemente, recordando y avisando a cada una de tus partes, que puedes crecer y evolucionar m\u00e1s elegantemente a trav\u00e9s del amor y la alegr\u00eda. Cuando comienzas a escuchar el llamado de tu alma, comienzas a escuchar su m\u00fasica. Comenzar\u00e1s sobre todo a tener un <a href=\"https:\/\/el-despertar.org\/index.php\/fluyendo-hacia-vivir-una-vida-mas-natural\/\" rel=\"nofollow\"><span class=\"sr-only\">Read more about Fluyendo hacia vivir una vida m\u00e1s natural<\/span>[&hellip;]<\/a><\/p>\n","protected":false},"author":2,"featured_media":0,"parent":0,"menu_order":0,"comment_status":"closed","ping_status":"closed","template":"","meta":{"footnotes":""},"class_list":["post-949","page","type-page","status-publish","hentry"],"_links":{"self":[{"href":"https:\/\/el-despertar.org\/index.php\/wp-json\/wp\/v2\/pages\/949","targetHints":{"allow":["GET"]}}],"collection":[{"href":"https:\/\/el-despertar.org\/index.php\/wp-json\/wp\/v2\/pages"}],"about":[{"href":"https:\/\/el-despertar.org\/index.php\/wp-json\/wp\/v2\/types\/page"}],"author":[{"embeddable":true,"href":"https:\/\/el-despertar.org\/index.php\/wp-json\/wp\/v2\/users\/2"}],"replies":[{"embeddable":true,"href":"https:\/\/el-despertar.org\/index.php\/wp-json\/wp\/v2\/comments?post=949"}],"version-history":[{"count":20,"href":"https:\/\/el-despertar.org\/index.php\/wp-json\/wp\/v2\/pages\/949\/revisions"}],"predecessor-version":[{"id":1165,"href":"https:\/\/el-despertar.org\/index.php\/wp-json\/wp\/v2\/pages\/949\/revisions\/1165"}],"wp:attachment":[{"href":"https:\/\/el-despertar.org\/index.php\/wp-json\/wp\/v2\/media?parent=949"}],"curies":[{"name":"wp","href":"https:\/\/api.w.org\/{rel}","templated":true}]}}