{"id":809,"date":"2023-03-08T16:14:58","date_gmt":"2023-03-08T22:14:58","guid":{"rendered":"https:\/\/el-despertar.org\/?page_id=809"},"modified":"2026-01-16T17:36:45","modified_gmt":"2026-01-16T23:36:45","slug":"fluyendo-a-las-leyes-del-movimiento-el-despertar","status":"publish","type":"page","link":"https:\/\/el-despertar.org\/index.php\/fluyendo-a-las-leyes-del-movimiento-el-despertar\/","title":{"rendered":"Fluyendo a las Leyes del Movimiento el Despertar"},"content":{"rendered":"\n<figure class=\"wp-block-image size-large\"><img loading=\"lazy\" decoding=\"async\" width=\"1024\" height=\"571\" src=\"https:\/\/el-despertar.org\/wp-content\/uploads\/2023\/03\/Screenshot_2023-03-08-16-19-19-643-edit_com.android.chrome-1024x571.jpg\" alt=\"\" class=\"wp-image-814\" srcset=\"https:\/\/el-despertar.org\/wp-content\/uploads\/2023\/03\/Screenshot_2023-03-08-16-19-19-643-edit_com.android.chrome-1024x571.jpg 1024w, https:\/\/el-despertar.org\/wp-content\/uploads\/2023\/03\/Screenshot_2023-03-08-16-19-19-643-edit_com.android.chrome-300x167.jpg 300w, https:\/\/el-despertar.org\/wp-content\/uploads\/2023\/03\/Screenshot_2023-03-08-16-19-19-643-edit_com.android.chrome-768x428.jpg 768w, https:\/\/el-despertar.org\/wp-content\/uploads\/2023\/03\/Screenshot_2023-03-08-16-19-19-643-edit_com.android.chrome-600x335.jpg 600w, https:\/\/el-despertar.org\/wp-content\/uploads\/2023\/03\/Screenshot_2023-03-08-16-19-19-643-edit_com.android.chrome-108x60.jpg 108w, https:\/\/el-despertar.org\/wp-content\/uploads\/2023\/03\/Screenshot_2023-03-08-16-19-19-643-edit_com.android.chrome-161x90.jpg 161w, https:\/\/el-despertar.org\/wp-content\/uploads\/2023\/03\/Screenshot_2023-03-08-16-19-19-643-edit_com.android.chrome.jpg 1063w\" sizes=\"auto, (max-width: 1024px) 100vw, 1024px\" \/><\/figure>\n\n\n\n<p class=\"has-medium-font-size\">La columna vertebral, las bases, los fundamentos principales son siete y son los siguientes:<\/p>\n\n\n\n<p class=\"has-medium-font-size\">1. Entender que eres lo suficientemente fuerte y poderoso para ser gentil y vulnerable.<\/p>\n\n\n\n<p class=\"has-medium-font-size\">2. Entender que eres lo suficientemente compasivo y apasionado para ser emp\u00e1tico sin dejarte tragar por la simpat\u00eda o la l\u00e1stima.<\/p>\n\n\n\n<p class=\"has-medium-font-size\">3. Entender que eres lo suficientemente flexible y fluido para transmutar y transformar cualquier cosa.<\/p>\n\n\n\n<p class=\"has-medium-font-size\">4. Entender que cuentas con la libertad y la autodeterminaci\u00f3n.<\/p>\n\n\n\n<p class=\"has-medium-font-size\">5. Entender que eres lo suficientemente humilde para trascender cualquier cosa que quieras. Humildad, ser humilde es darse cuenta de que el hecho de que algo haya sido no significa que volver\u00e1 a ser. La humildad es la capacidad y la disposici\u00f3n de ver cada d\u00eda como nuevo. Aunque algo siempre haya sido &#8220;as\u00ed de cierta manera&#8221;, hoy podr\u00eda ser diferente.Ser humilde es no dar nunca por sentado una situaci\u00f3n ni a una persona. Es la disposici\u00f3n a ver la frescura de cada momento. Cuando conf\u00edas en ti mismo, conf\u00edas de verdad en ti mismo, no solo en palabras, es f\u00e1cil ser humilde. Humildad es permitir que todo sea nuevo,  es la voluntad de dejar que cada situaci\u00f3n sea completamente nueva.<\/p>\n\n\n\n<p class=\"has-medium-font-size\">6. Verdaderamente entender y aceptar que tienes el suficiente amor y el suficiente valor para crear la luz, la esperanza, el sue\u00f1o, la visi\u00f3n, las oportunidades y los medios.<\/p>\n\n\n\n<p class=\"has-medium-font-size\">7. Aceptar realmente el hecho de que tu espiritualidad es tu m\u00e1xima prioridad, y con el tiempo tu \u00fanica prioridad. La espiritualidad es tu relaci\u00f3n personal con Dios\/Diosa\/Todo Lo Que Es.<\/p>\n","protected":false},"excerpt":{"rendered":"<p>La columna vertebral, las bases, los fundamentos principales son siete y son los siguientes: 1. Entender que eres lo suficientemente fuerte y poderoso para ser gentil y vulnerable. 2. Entender que eres lo suficientemente compasivo y apasionado para ser emp\u00e1tico sin dejarte tragar por la simpat\u00eda o la l\u00e1stima. 3. Entender que eres lo suficientemente <a href=\"https:\/\/el-despertar.org\/index.php\/fluyendo-a-las-leyes-del-movimiento-el-despertar\/\" rel=\"nofollow\"><span class=\"sr-only\">Read more about Fluyendo a las Leyes del Movimiento el Despertar<\/span>[&hellip;]<\/a><\/p>\n","protected":false},"author":2,"featured_media":0,"parent":0,"menu_order":0,"comment_status":"closed","ping_status":"closed","template":"","meta":{"footnotes":""},"class_list":["post-809","page","type-page","status-publish","hentry"],"_links":{"self":[{"href":"https:\/\/el-despertar.org\/index.php\/wp-json\/wp\/v2\/pages\/809","targetHints":{"allow":["GET"]}}],"collection":[{"href":"https:\/\/el-despertar.org\/index.php\/wp-json\/wp\/v2\/pages"}],"about":[{"href":"https:\/\/el-despertar.org\/index.php\/wp-json\/wp\/v2\/types\/page"}],"author":[{"embeddable":true,"href":"https:\/\/el-despertar.org\/index.php\/wp-json\/wp\/v2\/users\/2"}],"replies":[{"embeddable":true,"href":"https:\/\/el-despertar.org\/index.php\/wp-json\/wp\/v2\/comments?post=809"}],"version-history":[{"count":9,"href":"https:\/\/el-despertar.org\/index.php\/wp-json\/wp\/v2\/pages\/809\/revisions"}],"predecessor-version":[{"id":1198,"href":"https:\/\/el-despertar.org\/index.php\/wp-json\/wp\/v2\/pages\/809\/revisions\/1198"}],"wp:attachment":[{"href":"https:\/\/el-despertar.org\/index.php\/wp-json\/wp\/v2\/media?parent=809"}],"curies":[{"name":"wp","href":"https:\/\/api.w.org\/{rel}","templated":true}]}}