{"id":393,"date":"2020-01-13T03:43:35","date_gmt":"2020-01-13T03:43:35","guid":{"rendered":"http:\/\/el-despertar.org\/?page_id=393"},"modified":"2023-03-08T11:15:57","modified_gmt":"2023-03-08T17:15:57","slug":"fluyendo-a-las-recomendaciones","status":"publish","type":"page","link":"https:\/\/el-despertar.org\/index.php\/fluyendo-a-las-recomendaciones\/","title":{"rendered":"Fluyendo a las Recomendaciones"},"content":{"rendered":"\n<figure class=\"wp-block-image size-large\"><img loading=\"lazy\" decoding=\"async\" width=\"720\" height=\"401\" src=\"https:\/\/el-despertar.org\/wp-content\/uploads\/2020\/01\/WhatsApp-Image-2019-12-19-at-2.44.34-AM.jpeg\" alt=\"\" class=\"wp-image-293\" srcset=\"https:\/\/el-despertar.org\/wp-content\/uploads\/2020\/01\/WhatsApp-Image-2019-12-19-at-2.44.34-AM.jpeg 720w, https:\/\/el-despertar.org\/wp-content\/uploads\/2020\/01\/WhatsApp-Image-2019-12-19-at-2.44.34-AM-300x167.jpeg 300w, https:\/\/el-despertar.org\/wp-content\/uploads\/2020\/01\/WhatsApp-Image-2019-12-19-at-2.44.34-AM-600x334.jpeg 600w\" sizes=\"auto, (max-width: 720px) 100vw, 720px\" \/><\/figure>\n\n\n\n<p>Al leer el contenido de esta p\u00e1gina estas eligiendo conscientemente, y avisando a cada una de tus partes, evolucionar a trav\u00e9s del amor y la alegr\u00eda.<\/p>\n\n\n\n<p class=\"has-text-align-left has-medium-font-size\">Despu\u00e9s de la terapia, habiendo transmutado y removido los bloqueos que les imped\u00edan ser la mejor versi\u00f3n de s\u00ed mismos en este momento de tu vida, les pido que vuelvan a encontrarse, a conocerse, se observen, vean las reacciones que tienen en diferentes circunstancias y comparen con las que ten\u00edan, pon atenci\u00f3n en tu cuerpo, que quiere, que desea experimentar. Y que decidan participar en la supervivencia del planeta en lugar de ser un observador, y la manera en que participas es siendo exitoso, siendo unico, autosuficiente,  seguro de ti mismo, valiente, compasivo, autoactualizable, espont\u00e1neo, la independencia en la contribuci\u00f3n no siendo una carga al planeta con mi presencia, si no que de hecho el planeta esta mejor por mi, y no por hacer algo directamente, es simplemente siendo exitoso, siendo unico, autosuficiente,  seguro de ti mismo, valiente, compasivo, autoactualizable, espont\u00e1neo, y esto hace que seas una chispa, una inspiraci\u00f3n, una luz en la obscuridad, y la gente con la que entras en contacto es elevada, es inspirada y esa es tu contribuci\u00f3n, y envuelto en eso esta la intuici\u00f3n. Piensa intuitivamente, no lineal y con synergia, donde el todo es m\u00e1s que la suma de sus partes, creando nuevas bases, p\u00e9rmitete estar receptivo a lo que la intuici\u00f3n desea ense\u00f1arte. Una obligaci\u00f3n autoimpuesta a desarrollar la intuici\u00f3n para tu propio camino espiritual. De liberarte de estar orbitando en c\u00edrculos repitiendo los mismos patrones, las mismas situaciones con diferentes actores, salirte del consciente colectivo, y realizar tu destino divino, que es llevar acabo lo que veniste a hacer en este planeta en este tiempo, en esta vida. Y para entrar en contacto directo con la intuici\u00f3n es necesario quitarte el antifaz que impide verla, y la llave para eso es darte cuenta que tienes uno. El antifaz esta formado diferentes razones que no aceptan la intuici\u00f3n, las cuales son las razones objetivas de por que te resistes, que te opones, por que la niegas la intuici\u00f3n, las razones objetivas externas comienzan con la sociedad, esta esta dise\u00f1ada para definir, contener y controlar, y por eso puede salirse de las manos facilmente, y la intuici\u00f3n no esta involucrada, esta no controla, no define y no contiene, es espor\u00e1dica, es libre, puede pasar en cualquier momento y no puede garantizarse que sea repetitiva, aparte de la sociedad estan las instituciones, que porsupuesto no tenemos ningun problema con la existencia de estas, son hermosas y bellas&#8230;. a menos que estas instituciones te limiten, excepto cuando estas instituciones te quiten el poder y hagan las cosas por ti, aunado a estas similarmente estan los sistemas, y los problemas de los cientos de sistemas espirituales que se han desarrollado, que al comienzo parecen ser muy iluminadores y muy bellos, cuando ultimadamente se hacen receptivos,  racionales y repetitivos, mas precisamente definido no son intuitivos estos sistemas espirituales establecidos. Esta comprobado que con los sistemas e instituciones actuales el porcentaje de creatividad y de intuici\u00f3n baja hasta casi desaparecer para cuando termines el proceso de estudio, tenemos que ser racionales y logicos y tenemos que respaldar todo lo con razones asi la raz\u00f3n esta como base en la educaci\u00f3n, en la mayoria de los lugares. Y el valor impuesto, estampado en el vocabulario, a eso suena logico por lo tanto debe de ser correcto y es la mejor manera de hacer algo. Y pasamos por alto el valor verdadero de las palabras usadas y el verdadero significado de las mismas por su origen. Estamos viviendo en un conjunto racional en el cual no existe la intuici\u00f3n y los mismos profesores de los sistemas actuales se encargan de destruir e infravalorar la intuici\u00f3n. Y el antifaz consiste en que defiendes y justificas que asi es como te ense\u00f1aron a pensar, que as\u00ed es la manera que te ense\u00f1aron a hablar y que este es el significado de las palabras y de esa manera te autoencierras en un conjunto de herramientas basadas en la raz\u00f3n y establecidas por la sociedad para definirte, controlarte y manipularte, en un paradigma de raz\u00f3n, logica, racionalidad que exluye la intuici\u00f3n. Y si de alguna manera existe la intuici\u00f3n en ese paradigma le llaman locura, ilusi\u00f3n, imaginaci\u00f3n, ilogico, pensamiento so\u00f1ador, cualquier n\u00famero de frases. Y as\u00ed de esa manera est\u00e1 hecho el antifaz que te impide ver la intuici\u00f3n, y lo unico que tienes que hacer es quitartelo, darte cuenta de que existe y del impacto que estan teniendo con este antifaz. <\/p>\n\n\n\n<p class=\"has-medium-font-size\">Aunado a esto podemos agregar 7 objeciones que te inculcaron a tener, estas sirven para cortar la intuici\u00f3n como consecuencia de mantener lo siguiente. 1. El miedo al mensaje y por ende el rechazo al mensajero. 2. El miedo a estar equivocado al usar la intuici\u00f3n y perder la autoestima. 3. El querer mantener la imagen creada de ser racional, estable, inteligente. Y por tener esa imagen de persona no permites que entre la intuici\u00f3n. 4. Falta de amor propio, la falta de recibir amor, la falta de ser amado. En la mayor\u00eda de los casos, el rechazo a recibir y el rechazo a ser amado. 5. La imagen de ser dominante, de dominar, de hacerte el debil para controlar y manipular. 6. El miedo a tomar un riesgo y equivocarte. 7. El miedo de tomar una desici\u00f3n.<\/p>\n\n\n\n<p class=\"has-medium-font-size\">Con tu nueva luz cuando vayas a convivir con tu entorno incluyendo las personas que simplemente te topes en tu camino vas a tener un intercambio energ\u00e9tico, parte de ti va a querer regresarse a tu yo pasado debido a que todas las personas tienen el recuerdo de qui\u00e9n eras y no qui\u00e9n eres ahora, y debido a que tu quieres lo mejor para ti, dejaras de mentirte a ti mismo, en especial en este punto en donde es sumamente importante que no se mientan a si mismos sobre lo que perciben y sienten, por su propio bienestar, reconozcan los patrones que antiguamente te hac\u00edan desviarte de tu bienestar y no dejes que te afecten, debes darles tiempo a las personas de que te conozcan nuevamente manteni\u00e9ndote firme en tu frecuencia elevada y as\u00ed poco a poco ir integr\u00e1ndote en la vida cotidiana compartiendo tus nuevos puntos de vista con tus seres queridos y nuevas personas que llegaran a tu vida. Esto sucede similar a como el sistema solar se mueve alrededor de la banda de fotones del sol central de la galaxia, siempre avanzando en forma de espiral. <\/p>\n\n\n\n<p class=\"has-medium-font-size\">Esto funciona como una c\u00e9lula de luz, vas y convives con tu entorno, y tu vibraci\u00f3n va tocando a todos los que pasan cerca de ti, aunque no hables con ellos ni los toques f\u00edsicamente, tu energ\u00eda es la que est\u00e1 elevando su energ\u00eda, es el granito de arena que das a la evoluci\u00f3n de la humanidad, cada vez tu energ\u00eda ser\u00e1 m\u00e1s estable, cuando 2 energ\u00edas se encuentran pueden suceder 3 cosas, la de m\u00e1s alta frecuencia sube a la de m\u00e1s baja frecuencia, la de menor frecuencia baja a la de m\u00e1s alta frecuencia o se encuentran en un punto intermedio. Hay que estar atentos de hasta qu\u00e9 punto se ajusta tu nueva energ\u00eda al entorno en el que te desenvuelves. \u00bfPermaneciste en tu frecuencia, subiste, bajaste o te quedaste en alg\u00fan punto intermedio?<\/p>\n\n\n\n<p class=\"has-medium-font-size\">Pon atenci\u00f3n en lo que comes, tu\nalimentaci\u00f3n es de suma importancia para el bienestar de tu ser, si tienes\nantojo de un dulce es por que necesitas frutas, ve al supermercado y siente que\nfrutas te atraen, 3 manzanas, 2 peras, 1 durazno, 4 kiwis, y ve a tu casa y\ncome lo que te pida tu cuerpo, \u00bf1 manzana y \u00bd kiwi, una mordida al durazno y 3\nmordidas a la pera? Para cuando est\u00e9s satisfecho. Busca productos que no tengan\nqu\u00edmicos, ni colorantes o saborizantes artificiales, ni endulzantes\nartificiales (la stevia es un excelente endulzante natural), desintoxica tu\ncuerpo, recuerda que es tu veh\u00edculo para experimentar la vida debes de cuidarlo\ny amarlo d\u00e1ndole lo mejor que est\u00e9 a tu alcance. Escucha lo que necesita como\ncuando vas a un lugar a comprar un libro y sientes cual es el que deseas leer,\nalgo te atrae a \u00e9l, es lo que tu alma te dice, as\u00ed escucha a tu cuerpo cuando\nte dice que necesita comer para estar en equilibrio, \u00e9l sabe lo que necesita\npara estar bien. Recuerda que eres salud infinita.<\/p>\n\n\n\n<p class=\"has-medium-font-size\">Debido a que has tenido un cambio en tus c\u00f3digos gen\u00e9ticos, tu ADN, tendr\u00e1s cambios maravillosos en tu vida y en tu cuerpo. Tu evoluci\u00f3n personal pasa al siguiente nivel te vas a sentir un poco cansado, te recomiendo que apagues el celular y te disfrutes, con\u00f3cete nuevamente\u2026 a continuaci\u00f3n te explicamos lo que sucede. Nuestra esencia est\u00e1 compuesta de, entre otras cosas, energ\u00edas positivas y negativas que forman un contenedor, por ejemplo si tienes un contenedor de 100 unidades \u00e1lmicas y despu\u00e9s de la terapia tu contenedor podr\u00eda aumentar a 200 unidades \u00e1lmicas, tu energ\u00eda negativa que fue transmutada por el perd\u00f3n y pas\u00f3 a ser ben\u00e9fica para tu ser junto con tu energ\u00eda positiva, suma los mismos 100 pero en un tanque de 200, tienes la mitad de tu capacidad y en las pr\u00f3ximas horas se estar\u00e1 llenando tu contenedor con lo que deseas manifestar en tu siguiente etapa de la vida. Existen 2 tipos de energ\u00edas que te mueven, el estr\u00e9s o la paz, despu\u00e9s de la terapia estar\u00e1s en tu centro de paz y conservar\u00e1s m\u00e1s tu energ\u00eda debido a que no la estar\u00e1s malgastando con pensamientos y acciones innecesarias. Presta atenci\u00f3n a tu entorno, que te llama la atenci\u00f3n y que ya no, reacomoda tu casa, tu oficina, cambia de trabajo, pon un negocio, si as\u00ed te nace, date la oportunidad de conocerte nuevamente y que la gente a tu alrededor conozca a esta nueva gran versi\u00f3n de ti mismo.<\/p>\n\n\n\n<p class=\"has-medium-font-size\">Venimos a este plano a aprender a divertirnos y crear el \u00e9xito conscientemente, divertirnos creando, continuamente expandi\u00e9ndonos y creciendo, ya que lo que era divertido para ti cuando eras un ni\u00f1o cambia a cuando eres adolescente y as\u00ed mismo cuando eres adulto.<\/p>\n\n\n\n<p class=\"has-medium-font-size\">Cuando te enfocas en tu propio poder, tu creatividad y ser productivo, estar consciente y vivo. Buscando siempre el disfrutar, la felicidad, la alegr\u00eda siempre con la voluntad de emprender el viaje hacia lo que deseas lograr, tu coraz\u00f3n y tu mente se abrir\u00e1n al dominio de tu ser.<\/p>\n\n\n\n<p class=\"has-medium-font-size\">Cuando te enfocas en los medios del \u00e9xito, la manifestaci\u00f3n en si podr\u00e1 ocurrir y los fines le llegar\u00e1n. Preg\u00fantate que quieres lograr, en que mejor versi\u00f3n de ti mismo te necesitas convertir para lograrlo y una vez que lo logres como quieres contribuir a la evoluci\u00f3n de la humanidad.<\/p>\n\n\n\n<p class=\"has-medium-font-size\">Es importante que el cuerpo se\nmueva, que sea activo, mu\u00e9vete al comienzo, aunque sean 10 o 5 minutos,\ncaminar, correr, lagartijas, sentadillas, lo que te nazca, pero has algo de\nejercicio poco a poco incrementando tu actividad, mejorando tu flujo sangu\u00edneo,\nhaciendo que llegue m\u00e1s ox\u00edgeno a tu cuerpo, y poco a poco ir subiendo el\ntiempo hasta al menos 20 minutos e ir recobrando tu forma f\u00edsica plena hasta\nllegar a tu estado \u00f3ptimo.<\/p>\n\n\n\n<p class=\"has-medium-font-size\">Recuerda que para ser la mejor versi\u00f3n de ti mismo tienes que crear nuevos h\u00e1bitos, se tarda 21 d\u00edas en hacer un h\u00e1bito, de continuo enfoque, depende de las repeticiones por d\u00eda, de las eventualidades, y otros factores. Por eso una ves que tengas claro que h\u00e1bito quieres hacer en tu vida recuerda que puedes comenzar a hacer peque\u00f1os h\u00e1bitos que te llevar\u00e1n a lograr tu objetivo final. Por ejemplo si tienes como objetivo tener una salud radiante, es un gran objetivo, y el paso que deseas dar para lograr ese h\u00e1bito es hacer ejercicio por las ma\u00f1anas, al comienzo todo bien y conforme pasa el tiempo te despiertas y la motivaci\u00f3n comienza a disminuir, te da pereza comenzar a alistar todo para hacer tu rutina, una manera de ayudar a este cambio es por ejemplo crear el habito de antes de dormir dejar todo listo para cuando te despiertes ya no tener ese pendiente y comenzar con tu nueva rutina y eventualmente se haga un h\u00e1bito. Es un ejemplo de como un peque\u00f1o h\u00e1bito te llevara a uno mayor, al principio ser\u00e1 dif\u00edcil lograrlo pero una ves que se establezca el h\u00e1bito este trabajar\u00e1 para ti de una manera eficaz y sin esfuerzo.<\/p>\n\n\n\n<p class=\"has-medium-font-size\">Una vida con sentido continuamente te llevar\u00e1 a seguir avanzando cada vez un poco m\u00e1s, con nuevos retos y un gran entusiasmo. Dedica 20 minutos al d\u00eda a ver que te motiva cu\u00e1l es tu pasi\u00f3n, si no tienes tiempo hazlo, lev\u00e1ntate m\u00e1s temprano o qu\u00e9date despierto m\u00e1s tiempo, preg\u00fantate que clase de negocio deseo tener, en donde me gustar\u00eda trabajar, que libro te gustar\u00eda escribir, donde me gustar\u00eda vivir, y aprovecha tu impulso y camina hacia ese objetivo. Haz la meditaci\u00f3n del perd\u00f3n personal cuando creas necesitar un empuje o veas que est\u00e1 tu entorno seduci\u00e9ndote de regresar a tus antiguas costumbres. Re\u00fanete con personas con objetivos similares de crecimiento, que te impulsen hacia ser m\u00e1s de lo que realmente eres, o al menos comparten tu alegr\u00eda y felicidad, tu verdadera esencia, no con las que te detienen y\/o desmotivan, cambia tu entorno, se la mejor versi\u00f3n de ti mismo. <\/p>\n\n\n\n<p class=\"has-medium-font-size\">Duerme en m\u00faltiplos de 1 hora y\nmedia, ya sean 6 horas o 7 \u00bd horas, esto es debido a la curva de sue\u00f1o profundo\npor la que pasamos, si quieres levantarte en\u00e9rgico y motivado espera m\u00faltiplos\nde 1 \u00bd horas. O una mini siesta de 10 a 15 minutos, a la media hora llegas a la\nparte baja de tu sue\u00f1o y tardas media hora en comenzar a salir de ah\u00ed y otra\nmedia hora hasta llegar a la l\u00ednea m\u00e1s cercana a estar despierto.<\/p>\n\n\n\n<p class=\"has-medium-font-size\">Practica constantemente tu nueva\nforma de vida y en 21 d\u00edas se terminar\u00e1 de afianzar la nueva red neuronal y se\nconvertir\u00e1 en un h\u00e1bito que har\u00e1s d\u00eda a d\u00eda sin esfuerzo alguno en autom\u00e1tico.\nRecuerda este es el comienzo de una nueva y mejor aventura de tu vida, val\u00f3rate\ny aspira a ser m\u00e1s de lo que realmente eres siempre.<\/p>\n","protected":false},"excerpt":{"rendered":"<p>Al leer el contenido de esta p\u00e1gina estas eligiendo conscientemente, y avisando a cada una de tus partes, evolucionar a trav\u00e9s del amor y la alegr\u00eda. Despu\u00e9s de la terapia, habiendo transmutado y removido los bloqueos que les imped\u00edan ser la mejor versi\u00f3n de s\u00ed mismos en este momento de tu vida, les pido que <a href=\"https:\/\/el-despertar.org\/index.php\/fluyendo-a-las-recomendaciones\/\" rel=\"nofollow\"><span class=\"sr-only\">Read more about Fluyendo a las Recomendaciones<\/span>[&hellip;]<\/a><\/p>\n","protected":false},"author":2,"featured_media":0,"parent":0,"menu_order":0,"comment_status":"closed","ping_status":"closed","template":"","meta":{"footnotes":""},"class_list":["post-393","page","type-page","status-publish","hentry"],"_links":{"self":[{"href":"https:\/\/el-despertar.org\/index.php\/wp-json\/wp\/v2\/pages\/393","targetHints":{"allow":["GET"]}}],"collection":[{"href":"https:\/\/el-despertar.org\/index.php\/wp-json\/wp\/v2\/pages"}],"about":[{"href":"https:\/\/el-despertar.org\/index.php\/wp-json\/wp\/v2\/types\/page"}],"author":[{"embeddable":true,"href":"https:\/\/el-despertar.org\/index.php\/wp-json\/wp\/v2\/users\/2"}],"replies":[{"embeddable":true,"href":"https:\/\/el-despertar.org\/index.php\/wp-json\/wp\/v2\/comments?post=393"}],"version-history":[{"count":39,"href":"https:\/\/el-despertar.org\/index.php\/wp-json\/wp\/v2\/pages\/393\/revisions"}],"predecessor-version":[{"id":730,"href":"https:\/\/el-despertar.org\/index.php\/wp-json\/wp\/v2\/pages\/393\/revisions\/730"}],"wp:attachment":[{"href":"https:\/\/el-despertar.org\/index.php\/wp-json\/wp\/v2\/media?parent=393"}],"curies":[{"name":"wp","href":"https:\/\/api.w.org\/{rel}","templated":true}]}}