{"id":389,"date":"2020-01-13T03:38:54","date_gmt":"2020-01-13T09:38:54","guid":{"rendered":"http:\/\/el-despertar.org\/?page_id=389"},"modified":"2023-06-04T02:03:07","modified_gmt":"2023-06-04T08:03:07","slug":"a-quien-le-serviria-la-terapia","status":"publish","type":"page","link":"https:\/\/el-despertar.org\/index.php\/a-quien-le-serviria-la-terapia\/","title":{"rendered":"\u00bfA qui\u00e9n le servir\u00eda la terapia y el camino de la Integraci\u00f3n del Ser?"},"content":{"rendered":"\n<figure class=\"wp-block-image size-large\"><img loading=\"lazy\" decoding=\"async\" width=\"1024\" height=\"642\" src=\"https:\/\/el-despertar.org\/wp-content\/uploads\/2020\/01\/WhatsApp-Image-2020-01-06-at-3.59.53-PM-3-1024x642.jpeg\" alt=\"\" class=\"wp-image-445\" srcset=\"https:\/\/el-despertar.org\/wp-content\/uploads\/2020\/01\/WhatsApp-Image-2020-01-06-at-3.59.53-PM-3-1024x642.jpeg 1024w, https:\/\/el-despertar.org\/wp-content\/uploads\/2020\/01\/WhatsApp-Image-2020-01-06-at-3.59.53-PM-3-300x188.jpeg 300w, https:\/\/el-despertar.org\/wp-content\/uploads\/2020\/01\/WhatsApp-Image-2020-01-06-at-3.59.53-PM-3-768x482.jpeg 768w, https:\/\/el-despertar.org\/wp-content\/uploads\/2020\/01\/WhatsApp-Image-2020-01-06-at-3.59.53-PM-3-600x376.jpeg 600w, https:\/\/el-despertar.org\/wp-content\/uploads\/2020\/01\/WhatsApp-Image-2020-01-06-at-3.59.53-PM-3.jpeg 1280w\" sizes=\"auto, (max-width: 1024px) 100vw, 1024px\" \/><\/figure>\n\n\n\n<p class=\"has-medium-font-size\"><em>Recuerda de que entre millones de tus hermanos t\u00fa fuiste el ganador que logr\u00f3 conquistar al ovulo de tu madre para tener la oportunidad de crear el cuerpo que tienes y gozas, te hiciste desde un esperma y un \u00f3vulo, t\u00fa tienes el poder de rehacer cualquier circunstancia que hayas creado en tu vida, incluyendo tu cuerpo y transformarla en algo positivo. Recuerda que tu mereces el cambio, que tu mereces ser la mejor versi\u00f3n de ti mism<\/em>o.<\/p>\n\n\n\n<p class=\"has-medium-font-size\">Tienes 2 avenidas de crecimiento el &#8220;miedo y dolor&#8221; y el &#8220;amor y alegria&#8221;, puedes crecer m\u00e1s elegantemente mediante el amor y la alegr\u00eda. Y todo comienza con una desici\u00f3n, la de crecer y evolucionar mediante el amor y la alegr\u00eda en lugar del camino del miedo y dolor.<\/p>\n\n\n\n<p class=\"has-medium-font-size\">Al leer o escuchar el contenido de esta p\u00e1gina estas eligiendo conscientemente, recordando y avisando a cada una de tus partes, crecer y evolucionar a trav\u00e9s del amor y la alegr\u00eda.<\/p>\n\n\n\n<p class=\"has-medium-font-size\">Esta terapia definitivamente es para ti si:<\/p>\n\n\n\n<ul class=\"wp-block-list\">\n<li><em>Te sientes estancado, sin opciones de crecimiento y de expandir tu vida.<\/em><\/li>\n\n\n\n<li><em>Te preocupas por tu salud, carrera, finanzas y el futuro de tus seres queridos.<\/em><\/li>\n\n\n\n<li><em>Te sientes vac\u00edo en tu vida sin una verdadera conexi\u00f3n contigo ni con lo que pasa a tu alrededor.<\/em><\/li>\n\n\n\n<li><em>Te sientes abrumado por emociones negativas de tu pasado.<\/em><\/li>\n\n\n\n<li><em>Te sientes que est\u00e1s operando a un mucho menor potencial en tu vida del que te gustar\u00eda.<\/em><\/li>\n\n\n\n<li><em>Te sientes incapaz de contribuir a la salud y bienestar de tus amigos, familia y seres queridos.<\/em><\/li>\n\n\n\n<li><em>Si no puedes diferenciar la voz de tu ego y tu yo superior.<\/em><\/li>\n<\/ul>\n\n\n\n<p class=\"has-very-dark-gray-color has-text-color has-medium-font-size\">B\u00e1sicamente cualquier persona se beneficiar\u00eda de la terapia y del camino de la integraci\u00f3n del ser, cualquier persona que desee cambiar su vida y seguir avanzando en su camino hacia mejores futuros. El camino de la integraci\u00f3n del ser, es el movimiento en si, es la transici\u00f3n a ser m\u00e1s de lo que realmente eres.<\/p>\n\n\n\n<p class=\"has-very-dark-gray-color has-text-color has-medium-font-size\">Personas que sufrieron una perdida, alg\u00fan maltrato, problemas emocionales, desequilibrios manifestados en forma de enfermedades, personas que quieren prepararse emocionalmente para recibir la sanaci\u00f3n en alg\u00fan tratamiento u operaci\u00f3n o post operaci\u00f3n, des-balances ps\u00edquicos y\/o psicol\u00f3gicos, tambi\u00e9n se pueden tratar a personas en coma o mayores que no puedan moverse y est\u00e9n poco conscientes.<\/p>\n","protected":false},"excerpt":{"rendered":"<p>Recuerda de que entre millones de tus hermanos t\u00fa fuiste el ganador que logr\u00f3 conquistar al ovulo de tu madre para tener la oportunidad de crear el cuerpo que tienes y gozas, te hiciste desde un esperma y un \u00f3vulo, t\u00fa tienes el poder de rehacer cualquier circunstancia que hayas creado en tu vida, incluyendo <a href=\"https:\/\/el-despertar.org\/index.php\/a-quien-le-serviria-la-terapia\/\" rel=\"nofollow\"><span class=\"sr-only\">Read more about \u00bfA qui\u00e9n le servir\u00eda la terapia y el camino de la Integraci\u00f3n del Ser?<\/span>[&hellip;]<\/a><\/p>\n","protected":false},"author":2,"featured_media":0,"parent":0,"menu_order":0,"comment_status":"closed","ping_status":"closed","template":"","meta":{"footnotes":""},"class_list":["post-389","page","type-page","status-publish","hentry"],"_links":{"self":[{"href":"https:\/\/el-despertar.org\/index.php\/wp-json\/wp\/v2\/pages\/389","targetHints":{"allow":["GET"]}}],"collection":[{"href":"https:\/\/el-despertar.org\/index.php\/wp-json\/wp\/v2\/pages"}],"about":[{"href":"https:\/\/el-despertar.org\/index.php\/wp-json\/wp\/v2\/types\/page"}],"author":[{"embeddable":true,"href":"https:\/\/el-despertar.org\/index.php\/wp-json\/wp\/v2\/users\/2"}],"replies":[{"embeddable":true,"href":"https:\/\/el-despertar.org\/index.php\/wp-json\/wp\/v2\/comments?post=389"}],"version-history":[{"count":21,"href":"https:\/\/el-despertar.org\/index.php\/wp-json\/wp\/v2\/pages\/389\/revisions"}],"predecessor-version":[{"id":1097,"href":"https:\/\/el-despertar.org\/index.php\/wp-json\/wp\/v2\/pages\/389\/revisions\/1097"}],"wp:attachment":[{"href":"https:\/\/el-despertar.org\/index.php\/wp-json\/wp\/v2\/media?parent=389"}],"curies":[{"name":"wp","href":"https:\/\/api.w.org\/{rel}","templated":true}]}}