{"id":382,"date":"2020-01-13T03:55:25","date_gmt":"2020-01-13T03:55:25","guid":{"rendered":"http:\/\/el-despertar.org\/?page_id=382"},"modified":"2023-10-28T12:19:37","modified_gmt":"2023-10-28T18:19:37","slug":"fluyendo-hacia-el-perdon-personal","status":"publish","type":"page","link":"https:\/\/el-despertar.org\/index.php\/fluyendo-hacia-el-perdon-personal\/","title":{"rendered":"Fluyendo hacia el Perd\u00f3n Personal"},"content":{"rendered":"\n<div class=\"wp-block-themeisle-blocks-advanced-columns has-1-columns has-desktop-equal-layout has-tablet-equal-layout has-mobile-equal-layout has-default-gap has-vertical-unset\" id=\"wp-block-themeisle-blocks-advanced-columns-9ef00682\"><div class=\"wp-block-themeisle-blocks-advanced-columns-overlay\"><\/div><div class=\"innerblocks-wrap\">\n<div class=\"wp-block-themeisle-blocks-advanced-column\" id=\"wp-block-themeisle-blocks-advanced-column-dd930286\">\n<figure class=\"wp-block-image size-large is-resized is-style-default\"><img loading=\"lazy\" decoding=\"async\" src=\"http:\/\/el-despertar.org\/wp-content\/uploads\/2019\/12\/descarga-1.jpg\" alt=\"\" class=\"wp-image-224\" width=\"489\" height=\"367\"><\/figure>\n<\/div>\n<\/div><\/div>\n\n\n\n<p>Al leer o escuchar el contenido de esta p\u00e1gina estas eligiendo conscientemente, recordando y avisando a cada una de tus partes, que puedes evolucionar m\u00e1s elegantemente a trav\u00e9s del amor y la alegr\u00eda.<\/p>\n\n\n\n<p class=\"has-medium-font-size\">El perd\u00f3n es algo esencial para todos aquellos que deseen comenzar el viaje hacia ser m\u00e1s de lo que realmente son. La energ\u00eda del perd\u00f3n es muy fuerte. Imagina un \u00e1tomo, en el centro protones y neutrones y alrededor dando vueltas los electrones, el poder del perd\u00f3n que existe en el espacio entre el n\u00facleo y los electrones de 1 \u00e1tomo es mayor a la de todos los \u00e1tomos del universo juntos.<\/p>\n\n\n\n<p class=\"has-medium-font-size\">Cuando cambias tu frecuencia autom\u00e1ticamente todas las personas con las que tengas cercan\u00eda van a verse afectados positivamente por tu nueva frecuencia. Cuando 2 frecuencias se encuentran suceden una de las siguientes 3 cosas, la de m\u00e1s alta vibraci\u00f3n sube a la de m\u00e1s baja vibraci\u00f3n a su nivel, la de menor vibraci\u00f3n baja a la de m\u00e1s alta vibraci\u00f3n a su nivel, o las 2 frecuencias se encuentran en alg\u00fan punto intermedio. Cada ser que comience este viaje estar\u00e1 ayudando al bien universal.<\/p>\n\n\n\n<p class=\"has-medium-font-size\">A la hora de perdonarte a ti mismo existen 2 posibilidades, t\u00fa hiciste da\u00f1o o t\u00fa permitiste que te da\u00f1aran, fuiste el tirano o la v\u00edctima. <\/p>\n\n\n\n<p class=\"has-medium-font-size\">Les dejar\u00e9 una meditaci\u00f3n que pueden hacer sencillamente en tu propio tiempo y espacio que les ayudar\u00e1 en este proceso de perdonarte a ti mismo.<\/p>\n\n\n\n<p class=\"has-medium-font-size\">En este paso les pido que vayan por una libreta, o cuaderno y algo con que escribir. Cuando lean el contenido de la meditaci\u00f3n es importante que lean con detenci\u00f3n cada palabra cada punto de ortograf\u00eda, tomen su tiempo en leer cada palabra, y aqu\u00ed es donde viene lo importante, las partes de ustedes que no desean proceder hacia ser su mejor versi\u00f3n van a tratar de saltarse palabras, renglones o incluso p\u00e1rrafos enteros, aunque sepas lectura veloz esta ves lee palabra por palabra y cuando tu consciente trate de escapar pon atenci\u00f3n hacia donde te lleva tu mente que te esta mostrando, y anotalo en el cuaderno, u hoja que hayas tomado, y as\u00ed sucesivamente hasta terminar de leer la meditaci\u00f3n. Respiras profundo y vuelves a poner atenci\u00f3n en la hoja, y date cuenta de los sentimientos que estan ahi en esas palabras que escribiste. Trata de juntar los sucesos por emociones, las que sean que haya sido que detectaste, haz grupos de emociones y donde tengas m\u00e1s sucesos juntos, es donde debes terminar. Comienza con los que son menos sucesos agrupados, y preg\u00fantate por que crees que paso eso, centrate en el coraz\u00f3n y en tu respiraci\u00f3n, y lo que venga de respuesta, preg\u00fantate otra ves por qu\u00e9 crees que fue esa respuesta, y por tercera vez preg\u00fantate cual fue el por que la segunda respuesta. Y si est\u00e1s en el origen del suceso que bien ya no volver\u00e1 tu alma a recordarte a traves de otras experiencias por que ya entendiste el mensaje, y aunque no des con el centro en la primera ves que hagas el ejercicio estar\u00e1s muy cerca del epicentro de la negatividad que cargabas y no te dejaba avanzar. Haz eso con cada uno de los grupos cuando estan vinculados a una emoci\u00f3n, a la superficialidad emocional que se repite el suceso que te deja el mismo sentimiento, repetidas veces. Despu\u00e9s de haber identificado el origen del sentimiento. Procede nuevamente a hacer la meditaci\u00f3n personal leida y ver\u00e1s que tu mente ya trata de escaparse menos de leer con amor y paciencia.  Cada ves m\u00e1s en tu paz, donde la dualidad desaparece y eres un ser en su centro viendo en todas direcciones.<\/p>\n\n\n\n<h2 class=\"wp-block-heading\">Meditaci\u00f3n del Perd\u00f3n Personal<\/h2>\n\n\n\n<p class=\"has-medium-font-size\">Ponte ropa c\u00f3moda, pon m\u00fasica de fondo de tu agrado que te ayude a sumergirte en tus pensamientos, si\u00e9ntate o acu\u00e9state si te acuestas pon algo debajo de tus rodillas para que no est\u00e9n totalmente estiradas, fluir\u00e1 mejor la energ\u00eda, todo esto hazlo en un lugar donde est\u00e9s tranquilo y no seas molestado por al menos 20 minutos.<\/p>\n\n\n\n<p class=\"has-medium-font-size\">Cuando est\u00e9s listo comienza a tomar consciencia de tu respiraci\u00f3n, inhala lentamente y exhala lentamente, siente como entra el ox\u00edgeno a tu cuerpo a trav\u00e9s de tus pulmones, llega a tu coraz\u00f3n y de ah\u00ed se esparce a todo tu cuerpo, a cada c\u00e9lula de tu cuerpo, respiras paz y tranquilidad, y exhalas preocupaciones y tensiones. Sigue este proceso hasta que est\u00e9s en paz y tranquilo. Ahora imagina que est\u00e1s en tu lugar seguro, como desees imaginarlo, en alguna caba\u00f1a, en una monta\u00f1a, en un bosque, un lago, donde tu desees, y comienza a darte cuenta de los colores, de la humedad, de los sonidos, de los olores, siente tu entorno, y cuando est\u00e9s listo, ve al limite de tu lugar seguro y comienza a caminar en la direcci\u00f3n que sientas que es la correcta feliz, alegre, con una sonrisa, cantando, saltando, corriendo, como te sientas mejor, hasta que llegues a una peque\u00f1a loma y justo en la cima te detienes un momento y ves la pendiente llena de c\u00e9sped y te lanzas hacia la pendiente feliz rodando de lado, dando vueltas hasta que llegas a la parte baja y cuando te pones de pie observas que estas rodeado de un campo de Rosas Rojas, <\/p>\n\n\n<div class=\"wp-block-image\">\n<figure class=\"aligncenter size-full is-resized\"><img loading=\"lazy\" decoding=\"async\" width=\"1000\" height=\"1000\" src=\"https:\/\/el-despertar.org\/wp-content\/uploads\/2020\/04\/Red-rose.jpg\" alt=\"\" class=\"wp-image-486\" style=\"width:178px;height:178px\" srcset=\"https:\/\/el-despertar.org\/wp-content\/uploads\/2020\/04\/Red-rose.jpg 1000w, https:\/\/el-despertar.org\/wp-content\/uploads\/2020\/04\/Red-rose-300x300.jpg 300w, https:\/\/el-despertar.org\/wp-content\/uploads\/2020\/04\/Red-rose-150x150.jpg 150w, https:\/\/el-despertar.org\/wp-content\/uploads\/2020\/04\/Red-rose-768x768.jpg 768w, https:\/\/el-despertar.org\/wp-content\/uploads\/2020\/04\/Red-rose-250x250.jpg 250w, https:\/\/el-despertar.org\/wp-content\/uploads\/2020\/04\/Red-rose-174x174.jpg 174w, https:\/\/el-despertar.org\/wp-content\/uploads\/2020\/04\/Red-rose-600x600.jpg 600w, https:\/\/el-despertar.org\/wp-content\/uploads\/2020\/04\/Red-rose-100x100.jpg 100w\" sizes=\"auto, (max-width: 1000px) 100vw, 1000px\" \/><\/figure>\n<\/div>\n\n\n<p class=\"has-medium-font-size\">observa el campo y escoge 3, recuerda pedirles permiso de cortarlas y solicitar su ayuda en este proceso de perdonarte a ti mismo, procede a cortarlas&#8230; cuando ya las tengas en la mano sigue caminando hasta llegar a un segundo campo lleno de Amapolas Naranjas,<\/p>\n\n\n<div class=\"wp-block-image\">\n<figure class=\"aligncenter size-large is-resized\"><img loading=\"lazy\" decoding=\"async\" width=\"1024\" height=\"1024\" src=\"https:\/\/el-despertar.org\/wp-content\/uploads\/2020\/04\/orange-poppy-2-1024x1024.jpg\" alt=\"\" class=\"wp-image-496\" style=\"width:215px;height:215px\" srcset=\"https:\/\/el-despertar.org\/wp-content\/uploads\/2020\/04\/orange-poppy-2-1024x1024.jpg 1024w, https:\/\/el-despertar.org\/wp-content\/uploads\/2020\/04\/orange-poppy-2-300x300.jpg 300w, https:\/\/el-despertar.org\/wp-content\/uploads\/2020\/04\/orange-poppy-2-150x150.jpg 150w, https:\/\/el-despertar.org\/wp-content\/uploads\/2020\/04\/orange-poppy-2-768x768.jpg 768w, https:\/\/el-despertar.org\/wp-content\/uploads\/2020\/04\/orange-poppy-2-250x250.jpg 250w, https:\/\/el-despertar.org\/wp-content\/uploads\/2020\/04\/orange-poppy-2-174x174.jpg 174w, https:\/\/el-despertar.org\/wp-content\/uploads\/2020\/04\/orange-poppy-2-600x600.jpg 600w, https:\/\/el-despertar.org\/wp-content\/uploads\/2020\/04\/orange-poppy-2-100x100.jpg 100w, https:\/\/el-despertar.org\/wp-content\/uploads\/2020\/04\/orange-poppy-2.jpg 1500w\" sizes=\"auto, (max-width: 1024px) 100vw, 1024px\" \/><\/figure>\n<\/div>\n\n\n<p class=\"has-medium-font-size\">observa el campo y de igual manera escoge 3, p\u00eddeles permiso de cortarlas y su ayuda en este proceso de perdonarte a ti mismo, cuando tengas su permiso procede a cortarlas&#8230; cuando ya las tengas en la mano junto a las Rosas Rojas sigue caminando hasta llegar a un tercer campo lleno de Crisantemos Amarillos, <\/p>\n\n\n<div class=\"wp-block-image\">\n<figure class=\"aligncenter size-full is-resized\"><img loading=\"lazy\" decoding=\"async\" width=\"640\" height=\"640\" src=\"https:\/\/el-despertar.org\/wp-content\/uploads\/2020\/04\/Chrysanthemum-crisantemos-yellow.jpg\" alt=\"\" class=\"wp-image-489\" style=\"width:254px;height:254px\" srcset=\"https:\/\/el-despertar.org\/wp-content\/uploads\/2020\/04\/Chrysanthemum-crisantemos-yellow.jpg 640w, https:\/\/el-despertar.org\/wp-content\/uploads\/2020\/04\/Chrysanthemum-crisantemos-yellow-300x300.jpg 300w, https:\/\/el-despertar.org\/wp-content\/uploads\/2020\/04\/Chrysanthemum-crisantemos-yellow-150x150.jpg 150w, https:\/\/el-despertar.org\/wp-content\/uploads\/2020\/04\/Chrysanthemum-crisantemos-yellow-250x250.jpg 250w, https:\/\/el-despertar.org\/wp-content\/uploads\/2020\/04\/Chrysanthemum-crisantemos-yellow-174x174.jpg 174w, https:\/\/el-despertar.org\/wp-content\/uploads\/2020\/04\/Chrysanthemum-crisantemos-yellow-600x600.jpg 600w, https:\/\/el-despertar.org\/wp-content\/uploads\/2020\/04\/Chrysanthemum-crisantemos-yellow-100x100.jpg 100w\" sizes=\"auto, (max-width: 640px) 100vw, 640px\" \/><\/figure>\n<\/div>\n\n\n<p class=\"has-medium-font-size\">siente las flores a tu alrededor t\u00f3calas mientras te paseas y las sientas todo a tu alrededor, escoge 3, p\u00eddeles permiso de cortarlas y su ayuda en este proceso de perdonarte a ti mismo, cuando tengas su permiso procede a cortarlas, ahora ya las tienes en tus manos junto con las Rosas Rojas y las Amapolas Naranjas sigue caminando hasta llegar a un cuarto campo lleno de Helechos, <\/p>\n\n\n<div class=\"wp-block-image\">\n<figure class=\"aligncenter size-full is-resized\"><img loading=\"lazy\" decoding=\"async\" width=\"400\" height=\"250\" src=\"https:\/\/el-despertar.org\/wp-content\/uploads\/2020\/04\/Helecho.jpg\" alt=\"\" class=\"wp-image-490\" style=\"width:289px;height:181px\" srcset=\"https:\/\/el-despertar.org\/wp-content\/uploads\/2020\/04\/Helecho.jpg 400w, https:\/\/el-despertar.org\/wp-content\/uploads\/2020\/04\/Helecho-300x188.jpg 300w\" sizes=\"auto, (max-width: 400px) 100vw, 400px\" \/><\/figure>\n<\/div>\n\n\n<p class=\"has-medium-font-size\">mientras caminas por el campo sintiendo su frescura y humedad, escoge 4 hojas, p\u00eddeles permiso de cortarlas y su ayuda en este proceso de perdonarte a ti mismo, cuando ya tengas su permiso, procede a cortarlas, y teni\u00e9ndolas en la mano junto con las Rosas Rojas, las Amapolas Naranjas y los Crisantemos Amarillos sigue caminando hasta llegar a un quinto campo lleno de Campanitas Azules, <\/p>\n\n\n<div class=\"wp-block-image\">\n<figure class=\"aligncenter size-full is-resized\"><img loading=\"lazy\" decoding=\"async\" width=\"685\" height=\"1024\" src=\"https:\/\/el-despertar.org\/wp-content\/uploads\/2020\/04\/Blue-Bells.jpg\" alt=\"\" class=\"wp-image-491\" style=\"width:192px;height:287px\" srcset=\"https:\/\/el-despertar.org\/wp-content\/uploads\/2020\/04\/Blue-Bells.jpg 685w, https:\/\/el-despertar.org\/wp-content\/uploads\/2020\/04\/Blue-Bells-201x300.jpg 201w, https:\/\/el-despertar.org\/wp-content\/uploads\/2020\/04\/Blue-Bells-600x897.jpg 600w\" sizes=\"auto, (max-width: 685px) 100vw, 685px\" \/><\/figure>\n<\/div>\n\n\n<p class=\"has-medium-font-size\">disfruta al estarte paseando por el campo lleno de las hermosas flores Campanas Azules, detente y escoge 3, p\u00eddeles permiso de cortarlas y su ayuda en este proceso de perdonarte a ti mismo, cuando ya tengas su permiso, procede a cortarlas, y teni\u00e9ndolas en la mano junto con las Rosas Rojas, las Amapolas Naranjas, los Crisantemos Amarillos y los Helechos sigue caminando hasta llegar a un sexto campo lleno de Iris P\u00farpura Reales, <\/p>\n\n\n<div class=\"wp-block-image\">\n<figure class=\"aligncenter size-full is-resized\"><img loading=\"lazy\" decoding=\"async\" width=\"500\" height=\"332\" src=\"https:\/\/el-despertar.org\/wp-content\/uploads\/2020\/04\/Regal-Purple-Iris.jpg\" alt=\"\" class=\"wp-image-492\" style=\"width:291px;height:194px\" srcset=\"https:\/\/el-despertar.org\/wp-content\/uploads\/2020\/04\/Regal-Purple-Iris.jpg 500w, https:\/\/el-despertar.org\/wp-content\/uploads\/2020\/04\/Regal-Purple-Iris-300x199.jpg 300w\" sizes=\"auto, (max-width: 500px) 100vw, 500px\" \/><\/figure>\n<\/div>\n\n\n<p class=\"has-medium-font-size\">siente la majestuosidad de los Iris P\u00farpura Reales mientras caminas en su campo, con cuidado, con consciencia, con respeto, escoge 3, p\u00eddeles permiso de cortarlos y su ayuda en este proceso de perdonarte a ti mismo, cuando ya tengas su permiso procede a cortarlos, y teni\u00e9ndolos en la mano junto con las Rosas Rojas, las Amapolas Naranjas, los Crisantemos Amarillos, los Helechos y las Campanas Azules sigue caminando hasta llegar a un s\u00e9ptimo campo lleno de Violetas, <\/p>\n\n\n<div class=\"wp-block-image\">\n<figure class=\"aligncenter size-large is-resized\"><img loading=\"lazy\" decoding=\"async\" width=\"1024\" height=\"683\" src=\"https:\/\/el-despertar.org\/wp-content\/uploads\/2020\/04\/Violets-1024x683.jpg\" alt=\"\" class=\"wp-image-493\" style=\"width:258px;height:172px\" srcset=\"https:\/\/el-despertar.org\/wp-content\/uploads\/2020\/04\/Violets-1024x683.jpg 1024w, https:\/\/el-despertar.org\/wp-content\/uploads\/2020\/04\/Violets-300x200.jpg 300w, https:\/\/el-despertar.org\/wp-content\/uploads\/2020\/04\/Violets-768x512.jpg 768w, https:\/\/el-despertar.org\/wp-content\/uploads\/2020\/04\/Violets-1536x1024.jpg 1536w, https:\/\/el-despertar.org\/wp-content\/uploads\/2020\/04\/Violets-750x500.jpg 750w, https:\/\/el-despertar.org\/wp-content\/uploads\/2020\/04\/Violets-600x400.jpg 600w, https:\/\/el-despertar.org\/wp-content\/uploads\/2020\/04\/Violets.jpg 2048w\" sizes=\"auto, (max-width: 1024px) 100vw, 1024px\" \/><\/figure>\n<\/div>\n\n\n<p class=\"has-medium-font-size\">voltea a ver el campo lleno de violetas, p\u00eddeles su ayuda en este proceso de perdonarte a ti mismo y permiso de cortarlas, y mientras caminas alegremente toma un pu\u00f1ado de violetas y ponlas en el ramillete junto con las otras flores, sigue caminando y si sientes que no eran suficientes toma un poco m\u00e1s y esp\u00e1rcelas en el ramillete junto con las Rosas Rojas, las Amapolas Naranjas, los Crisantemos Amarillos, los Helechos, las Campanas Azules y los Iris P\u00farpura Reales, <\/p>\n\n\n\n<p class=\"has-medium-font-size\">sigue caminando hasta llegar al final de un acantilado que se extiende infinitamente hacia los lados y en donde observas que una roca sale de la orilla del acantilado en forma de pico hacia el vac\u00edo, camina con amor, tranquilidad y alegr\u00eda hacia el final de esa roca y coloca ah\u00ed el ramillete de flores, da pasos hacia atr\u00e1s regresando hasta donde comienza la piedra saliente y llama a tu sombra, dile que quieres reencontrarte con ella y observa como aparece flotando justo enfrente de la roca y el ramillete en el acantilado, observa como va creciendo y va haci\u00e9ndose monstruosa, fea, puede que te de algo de miedo, o te sientas incomodo con su presencia, sigue firme y sigue observ\u00e1ndola, cuando ya le hayas dado tiempo de expresarse observa como el ramillete de flores se transforma en una esfera de luz violeta trasl\u00facida y observa como comienza a elevarse poco a poco hasta posicionarse arriba de tu sombra&#8230; observa como baja esa esfera de luz violeta y morado transl\u00facido, hasta llegar a la parte de arriba de tu sombra, la va llenando y cubriendo poco a poco hasta que est\u00e9 completamente cubierta y te encandile su luz&#8230; ah\u00ed es cuando comienza a disminuir su tama\u00f1o y se acerca flotando, poco a poco, disminuyendo la intensidad de esa luz que te encandilaba y su tama\u00f1o quedando de tu misma altura, hasta que se posiciona enfrente de ti sigue tomando forma hasta regresar a su forma original que eres t\u00fa mismo, te estas observando a ti mismo, te acercas a tu parte y se abrazan y le dices yo te perdono y te amo, y mientras los 2 se abrazan comienzan a fusionarse hasta ser uno mismo. Te has unido con esa parte de ti que ten\u00edas olvidada.<\/p>\n\n\n\n<p class=\"has-medium-font-size\">Cuando est\u00e9s listo comienza a tomar consciencia de tu respiraci\u00f3n, de tu entorno, de tu espacio y abre los ojos lentamente&#8230; Di en voz alta gracias, gracias, gracias, yo merezco, yo merezco, yo merezco&#8230; Disfruta tu nuevo ser&#8230; <\/p>\n\n\n\n<p class=\"has-medium-font-size\">\u00a1Bienvenidos a la luz! <\/p>\n\n\n\n<p class=\"has-medium-font-size\">Ahora act\u00faa piensa que cosas vas a dejar de hacer y que cosas har\u00e1s. Y comienza a dejar que crezca esa parte de ti. El cambio ya sucedi\u00f3, es instant\u00e1neo. El crecimiento es tardado. Hay que permitir que tu parte recien integrada madure.<\/p>\n\n\n\n<p class=\"has-medium-font-size\">Mediante esta meditaci\u00f3n pueden ir cambiando su frecuencia poco a poco y observar\u00e1n como los cambios en tu vida comienzan a llegar. <\/p>\n\n\n\n<p class=\"has-medium-font-size\">Hay veces en que la energ\u00eda del perd\u00f3n llega instant\u00e1neamente, a veces demora un poco, d\u00edas, semanas no te preocupes llegar\u00e1 el momento. Cuando suceda te sentir\u00e1s diferente simplemente te dar\u00e1s cuenta de que ya cambiaste pero el como no lo sabr\u00e1s.<\/p>\n","protected":false},"excerpt":{"rendered":"<p>Al leer o escuchar el contenido de esta p\u00e1gina estas eligiendo conscientemente, recordando y avisando a cada una de tus partes, que puedes evolucionar m\u00e1s elegantemente a trav\u00e9s del amor y la alegr\u00eda. El perd\u00f3n es algo esencial para todos aquellos que deseen comenzar el viaje hacia ser m\u00e1s de lo que realmente son. La <a href=\"https:\/\/el-despertar.org\/index.php\/fluyendo-hacia-el-perdon-personal\/\" rel=\"nofollow\"><span class=\"sr-only\">Read more about Fluyendo hacia el Perd\u00f3n Personal<\/span>[&hellip;]<\/a><\/p>\n","protected":false},"author":2,"featured_media":0,"parent":0,"menu_order":0,"comment_status":"closed","ping_status":"closed","template":"","meta":{"footnotes":""},"class_list":["post-382","page","type-page","status-publish","hentry"],"_links":{"self":[{"href":"https:\/\/el-despertar.org\/index.php\/wp-json\/wp\/v2\/pages\/382","targetHints":{"allow":["GET"]}}],"collection":[{"href":"https:\/\/el-despertar.org\/index.php\/wp-json\/wp\/v2\/pages"}],"about":[{"href":"https:\/\/el-despertar.org\/index.php\/wp-json\/wp\/v2\/types\/page"}],"author":[{"embeddable":true,"href":"https:\/\/el-despertar.org\/index.php\/wp-json\/wp\/v2\/users\/2"}],"replies":[{"embeddable":true,"href":"https:\/\/el-despertar.org\/index.php\/wp-json\/wp\/v2\/comments?post=382"}],"version-history":[{"count":36,"href":"https:\/\/el-despertar.org\/index.php\/wp-json\/wp\/v2\/pages\/382\/revisions"}],"predecessor-version":[{"id":1144,"href":"https:\/\/el-despertar.org\/index.php\/wp-json\/wp\/v2\/pages\/382\/revisions\/1144"}],"wp:attachment":[{"href":"https:\/\/el-despertar.org\/index.php\/wp-json\/wp\/v2\/media?parent=382"}],"curies":[{"name":"wp","href":"https:\/\/api.w.org\/{rel}","templated":true}]}}