{"id":363,"date":"2020-01-06T20:46:07","date_gmt":"2020-01-06T20:46:07","guid":{"rendered":"http:\/\/el-despertar.org\/?page_id=363"},"modified":"2024-01-18T12:36:20","modified_gmt":"2024-01-18T18:36:20","slug":"fluyendo-al-sistema-de-los-chacras","status":"publish","type":"page","link":"https:\/\/el-despertar.org\/index.php\/fluyendo-al-sistema-de-los-chacras\/","title":{"rendered":"Fluyendo hacia los 13 Chacras y los 13 Sentidos"},"content":{"rendered":"\n<div class=\"wp-block-themeisle-blocks-advanced-columns has-1-columns has-desktop-equal-layout has-tablet-equal-layout has-mobile-equal-layout has-default-gap has-vertical-unset\" id=\"wp-block-themeisle-blocks-advanced-columns-8260496c\"><div class=\"wp-block-themeisle-blocks-advanced-columns-overlay\"><\/div><div class=\"innerblocks-wrap\">\n\n<div class=\"wp-block-themeisle-blocks-advanced-column\" id=\"wp-block-themeisle-blocks-advanced-column-44866194\">\n\n<figure class=\"wp-block-image size-large is-resized is-style-default\"><img loading=\"lazy\" decoding=\"async\" src=\"http:\/\/el-despertar.org\/wp-content\/uploads\/2020\/01\/WhatsApp-Image-2019-12-20-at-3.23.39-PM-1024x576.jpeg\" alt=\"\" class=\"wp-image-364\" width=\"510\" height=\"287\" srcset=\"https:\/\/el-despertar.org\/wp-content\/uploads\/2020\/01\/WhatsApp-Image-2019-12-20-at-3.23.39-PM-1024x576.jpeg 1024w, https:\/\/el-despertar.org\/wp-content\/uploads\/2020\/01\/WhatsApp-Image-2019-12-20-at-3.23.39-PM-300x169.jpeg 300w, https:\/\/el-despertar.org\/wp-content\/uploads\/2020\/01\/WhatsApp-Image-2019-12-20-at-3.23.39-PM-768x432.jpeg 768w, https:\/\/el-despertar.org\/wp-content\/uploads\/2020\/01\/WhatsApp-Image-2019-12-20-at-3.23.39-PM-600x338.jpeg 600w, https:\/\/el-despertar.org\/wp-content\/uploads\/2020\/01\/WhatsApp-Image-2019-12-20-at-3.23.39-PM.jpeg 1280w\" sizes=\"auto, (max-width: 510px) 100vw, 510px\" \/><\/figure>\n\n<\/div>\n\n<\/div><\/div>\n\n\n\n<p>Al leer o escuchar el contenido de esta p\u00e1gina estas eligiendo conscientemente, recordando y avisando a cada una de tus partes, que puedes crecer y evolucionar m\u00e1s elegantemente a trav\u00e9s del amor y la alegr\u00eda.<\/p>\n\n\n\n<p class=\"has-normal-font-size\">En esta terapia se trabajan con 13 chacras, despejando los conductos entre ellos ya que cada chacra tiene 13 niveles: <\/p>\n\n\n\n<p class=\"has-normal-font-size\">El sistema de chacras en el cual\nnos basamos es el siguiente:<\/p>\n\n\n\n<p class=\"has-normal-font-size\">1 chacra de la ra\u00edz, base de la\ncolumna (centro de seguridad y comodidad), <\/p>\n\n\n\n<p class=\"has-normal-font-size\">2 chacra del sacro, pelvis (centro\nde la creatividad y sexualidad primaria), <\/p>\n\n\n\n<p class=\"has-normal-font-size\">3 chacra del plexo solar,\ndiafragma, (todo el rango de emociones humanas), <\/p>\n\n\n\n<p class=\"has-normal-font-size\">4 chacra del coraz\u00f3n, parte\nsuperior del pecho (centro del amor ilimitado e incondicional), <\/p>\n\n\n\n<p class=\"has-normal-font-size\">5 chacra de la garganta, garganta\n(el rango completo de la expresi\u00f3n humana), <\/p>\n\n\n\n<p class=\"has-normal-font-size\">6 chacra del tercer ojo, frente (centro\nde la intuici\u00f3n y sabidur\u00eda), <\/p>\n\n\n\n<p class=\"has-normal-font-size\">7 chacra de la coronilla, parte\nsuperior de la cabeza (reino de tu potencial ilimitado), <\/p>\n\n\n\n<p class=\"has-normal-font-size\">8 chacra \u00e1urico, debajo de los\npies (Reino de las probabilidades ilimitadas), <\/p>\n\n\n\n<p class=\"has-normal-font-size\">9 chacra et\u00e9rico, justo arriba de\nla cabeza (el plano causal, el reino de todas las cosas posibles), <\/p>\n\n\n\n<p class=\"has-normal-font-size\">10 chacra del verdadero ser,\narriba del 9 (Reino de lo real, tu YO transcendental), <\/p>\n\n\n\n<p class=\"has-normal-font-size\">11 chacra de la estrella alma, arriba del 10 (reino de la verdadera esencia espiritual, reino del yo superior das forma a tu camino), <\/p>\n\n\n\n<p class=\"has-normal-font-size\">12 chacra de la estrella esp\u00edritu, arriba del 11 (reino de la verdadera esencia espiritual, reino del yo superior das direcci\u00f3n a tu camino), <\/p>\n\n\n\n<p class=\"has-normal-font-size\">13 chacra de la puerta divina,\narriba del 12 (conciencia de la fuerza de Dios, Dios-Diosa-Todo lo que es). <\/p>\n\n\n\n<p class=\"has-normal-font-size\">Esto fluye cuando la respiraci\u00f3n de Dios\/Diosa\/Todo lo que es, forma lo que eres y comienza con la exhalaci\u00f3n desde el chacra 13 bajando en espiral siguiendo al 12, bajando al 11, despu\u00e9s al 10 y del 9 al 8 baja en ovoide hasta la parte de debajo de los pies formando el aura, y sube de la misma forma del 8 al 7 y de ah\u00ed sigue bajando por cada uno de los chacras, hasta llegar al chacra de la ra\u00edz el 1 y ah\u00ed termina la exhalaci\u00f3n y comienza la siguiente inhalaci\u00f3n. Donde comienza el camino de regreso a la fuente y en el regreso copia la informaci\u00f3n almacenada en cada uno de los chacras y los analiza para crear tu realidad. Y todo lo que acabas de leer, este proceso del flujo energ\u00e9tico por los chacras, sucede 14 veces por segundo.<\/p>\n\n\n\n<p class=\"has-normal-font-size\">Este elegante dise\u00f1o est\u00e1 hecho\npara responder a nuestros pensamientos e intenciones, familiariz\u00e1ndote con \u00e9l\nvas a llegar a conocerte mejor que nunca.<\/p>\n\n\n\n<p class=\"has-normal-font-size\">Dado que una de las funciones del\naura es proteger el cuerpo de influencias no deseadas, posiblemente da\u00f1inas,\nrealmente est\u00e1s bajando la guardia cuando ignoras la condici\u00f3n de tu energ\u00eda. Tener\ncontrol sobre nuestra energ\u00eda es preferible a reaccionar a cualquier estado en\nel que se encuentre nuestra energ\u00eda. El primero puede ayudarte, mientras que el\nsegundo puede matarlo.<\/p>\n\n\n\n<p class=\"has-normal-font-size\">Una vez consciente de esto, debido a que este sistema de energ\u00eda es tan elegante y funcional, tambi\u00e9n es bastante f\u00e1cil de mantener limpio. T\u00fa mismo puedes hacer tus propias meditaciones o seguir algunas que sientas que est\u00e1n en resonancia con tu ser.<\/p>\n\n\n\n<p class=\"has-normal-font-size\">Si no te gusta c\u00f3mo va tu vida, o\nalgunas de las cosas que aparecen en ella, todo lo que tienes que hacer es\ncambiar tu forma de pensar y creer. Cuando discutes a favor de una limitaci\u00f3n,\nse convierte en tuya, no luches por tus limitaciones d\u00e9jalas ir&#8230; donde van\ntus pensamientos, tu energ\u00eda seguir\u00e1, cada vez sin falta, y donde quiera que\nvayan, comenzar\u00e1n a tejer tu realidad, de acuerdo con la naturaleza de esos\npensamientos e intenciones.<\/p>\n\n\n\n<p class=\"has-normal-font-size\">Cada cosa que nos molesta o\ndesequilibra durante el d\u00eda si nos aferramos a ello esta se guardar\u00e1 en alg\u00fan\nlugar de nuestros chacras y nos afectar\u00e1 en alg\u00fan momento en nuestra vida, hay\nque saber soltar y\/o transmutar esas energ\u00edas. La mayor\u00eda de las personas no\n&#8220;atrapan y liberan&#8221; tales energ\u00edas; por alguna raz\u00f3n, preferimos\nrecolectarlas y aferrarnos a ellas, sin darnos cuenta de cu\u00e1n t\u00f3xica es esa\nenerg\u00eda.<\/p>\n\n\n\n<p class=\"has-normal-font-size\">El primer paso para salir de ese\ntipo de estancamientos energ\u00e9ticos es tener la intenci\u00f3n de hacerlo. Hay un\nmont\u00f3n de t\u00e9cnicas y meditaciones que te ayudar\u00e1n a mantener esa energ\u00eda limpia\nte sugerimos que hagas lo que te vibra, lo que sientas que es tu camino.<\/p>\n\n\n\n<p class=\"has-normal-font-size\">El sistema de energ\u00eda humana no\nes solo un sistema de soporte vital elegante y complejo para el alma, tambi\u00e9n\nes el medio por el cual tenemos acceso a nuestra naturaleza eterna e ilimitada,\ny al reino de la conciencia Divina de donde nos originamos.<\/p>\n\n\n\n<p class=\"has-normal-font-size\">Los 13 chacras representan la\nclave, el mapa y el manual del propietario para encarnar en forma humana, y la\nmayor\u00eda de nosotros damos todo por sentado, sin darnos cuenta de que las llaves\ndel Reino residen dentro de nosotros, esperando nuestra directiva.<\/p>\n\n\n\n<p class=\"has-normal-font-size\">Nosotros estamos aqu\u00ed para ayudarte a encontrar tu camino, centrarte en tu verdadero ser y ayudarte a convertirte en la mejor versi\u00f3n de ti mismo.<\/p>\n\n\n\n<p class=\"has-normal-font-size\">Los 13 Sentidos<\/p>\n\n\n\n<ol class=\"wp-block-list\">\n<li>Vista (Visi\u00f3n), ver con los ojos, el espectro de luz visible.<\/li>\n\n\n\n<li>Oido, escuchar ondas de sonidos.<\/li>\n\n\n\n<li>Tacto, tocar objetos y precibes sus cualidades.<\/li>\n\n\n\n<li>Gusto, precibes los sabores con la lengua.<\/li>\n\n\n\n<li>Olfato, percibes los olores con la nariz.<\/li>\n\n\n\n<li>Imaginaci\u00f3n. La imaginaci\u00f3n es: El deseo y la pasi\u00f3n, la l\u00f3gica y la raz\u00f3n, compasi\u00f3n (es una pasi\u00f3n nacida de una profunda tristeza), Inspiraci\u00f3n e Im\u00e1genes;  junto a el sentido del balance hacen una conexi\u00f3n, un puente, con los dem\u00e1s sentidos.<\/li>\n\n\n\n<li>Balance, sientes el equilibrio.<\/li>\n\n\n\n<li>El sentido de la vida: El sentido del esp\u00edritu, el aliento de vida, sientes la vida fluyendo en ti.<\/li>\n\n\n\n<li>Voz, la voz que escuchas sin el sentido del oido, escuchas voces, volteas y no hay nadie.<\/li>\n\n\n\n<li>El sentido del movimiento, sientes el movimiento de las cosas, sientes el movimiento de la energ\u00eda, el movimiento de la emoci\u00f3n cuando cambia.<\/li>\n\n\n\n<li>El sentido de la calidez, sientes el entorno cuando te da frio o calor, se siente acogedor o no un lugar, sientes la calidez.<\/li>\n\n\n\n<li>El sentido de la substancia, sientes la saturaci\u00f3n de energ\u00eda en las cosas y en el espacio, como cuando llegas a un lugar y sientes que esta muy solo, le falta algo, le falta substancia, eso es la substancia, y la substancia que une a toda la creaci\u00f3n es el amor.<\/li>\n\n\n\n<li>El sentido de la unidad, de la totalidad, cuando sientes que eres parte integral y \u00fanica de todo lo que es, eres parte de todo, est\u00e1s en unidad.<\/li>\n<\/ol>\n","protected":false},"excerpt":{"rendered":"<p>Al leer o escuchar el contenido de esta p\u00e1gina estas eligiendo conscientemente, recordando y avisando a cada una de tus partes, que puedes crecer y evolucionar m\u00e1s elegantemente a trav\u00e9s del amor y la alegr\u00eda. En esta terapia se trabajan con 13 chacras, despejando los conductos entre ellos ya que cada chacra tiene 13 niveles: <a href=\"https:\/\/el-despertar.org\/index.php\/fluyendo-al-sistema-de-los-chacras\/\" rel=\"nofollow\"><span class=\"sr-only\">Read more about Fluyendo hacia los 13 Chacras y los 13 Sentidos<\/span>[&hellip;]<\/a><\/p>\n","protected":false},"author":2,"featured_media":0,"parent":0,"menu_order":0,"comment_status":"closed","ping_status":"closed","template":"","meta":{"footnotes":""},"class_list":["post-363","page","type-page","status-publish","hentry"],"_links":{"self":[{"href":"https:\/\/el-despertar.org\/index.php\/wp-json\/wp\/v2\/pages\/363","targetHints":{"allow":["GET"]}}],"collection":[{"href":"https:\/\/el-despertar.org\/index.php\/wp-json\/wp\/v2\/pages"}],"about":[{"href":"https:\/\/el-despertar.org\/index.php\/wp-json\/wp\/v2\/types\/page"}],"author":[{"embeddable":true,"href":"https:\/\/el-despertar.org\/index.php\/wp-json\/wp\/v2\/users\/2"}],"replies":[{"embeddable":true,"href":"https:\/\/el-despertar.org\/index.php\/wp-json\/wp\/v2\/comments?post=363"}],"version-history":[{"count":27,"href":"https:\/\/el-despertar.org\/index.php\/wp-json\/wp\/v2\/pages\/363\/revisions"}],"predecessor-version":[{"id":1185,"href":"https:\/\/el-despertar.org\/index.php\/wp-json\/wp\/v2\/pages\/363\/revisions\/1185"}],"wp:attachment":[{"href":"https:\/\/el-despertar.org\/index.php\/wp-json\/wp\/v2\/media?parent=363"}],"curies":[{"name":"wp","href":"https:\/\/api.w.org\/{rel}","templated":true}]}}