{"id":356,"date":"2020-01-06T20:39:20","date_gmt":"2020-01-06T20:39:20","guid":{"rendered":"http:\/\/el-despertar.org\/?page_id=356"},"modified":"2023-12-18T01:17:54","modified_gmt":"2023-12-18T07:17:54","slug":"fluyendo-a-los-beneficios","status":"publish","type":"page","link":"https:\/\/el-despertar.org\/index.php\/fluyendo-a-los-beneficios\/","title":{"rendered":"Fluyendo a los Beneficios"},"content":{"rendered":"\n<figure class=\"wp-block-image size-large\"><img loading=\"lazy\" decoding=\"async\" width=\"760\" height=\"570\" src=\"https:\/\/el-despertar.org\/wp-content\/uploads\/2019\/12\/naturaleza1.jpg\" alt=\"\" class=\"wp-image-244\" srcset=\"https:\/\/el-despertar.org\/wp-content\/uploads\/2019\/12\/naturaleza1.jpg 760w, https:\/\/el-despertar.org\/wp-content\/uploads\/2019\/12\/naturaleza1-300x225.jpg 300w, https:\/\/el-despertar.org\/wp-content\/uploads\/2019\/12\/naturaleza1-285x214.jpg 285w, https:\/\/el-despertar.org\/wp-content\/uploads\/2019\/12\/naturaleza1-600x450.jpg 600w\" sizes=\"auto, (max-width: 760px) 100vw, 760px\" \/><\/figure>\n\n\n\n<p>Al leer o escuchar el contenido de esta p\u00e1gina estas eligiendo conscientemente, recordando y avisando a cada una de tus partes, que puedes crecer y evolucionar m\u00e1s elegantemente a trav\u00e9s del amor y la alegr\u00eda.<\/p>\n\n\n\n<p class=\"has-text-align-center has-medium-font-size\"><strong>Que Resultados, Progresos y Transformaciones Experimentar\u00e1s<\/strong><\/p>\n\n\n\n<p class=\"has-medium-font-size\">Comenzar\u00e1s tu camino espiritual, dando el primer paso desarrollando una relaci\u00f3n amorosa contigo mismo y con otros, funcionando en com\u00fan desde el lugar de ser una persona amorosa. Desarrollar\u00e1s la excelencia y sus diversos componentes, en el nucleo la elegante creaci\u00f3n de la realidad. <\/p>\n\n\n\n<p class=\"has-medium-font-size\">Desarrollaras los 7 valores del ser: <\/p>\n\n\n\n<ul class=\"wp-block-list\">\n<li>Conciencia del ser.<\/li>\n\n\n\n<li>El valor del ser.<\/li>\n\n\n\n<li>La estima del ser.<\/li>\n\n\n\n<li>El amor del ser.<\/li>\n\n\n\n<li>La confianza del ser.<\/li>\n\n\n\n<li>El respeto del ser.<\/li>\n\n\n\n<li>La realizaci\u00f3n del ser. <\/li>\n<\/ul>\n\n\n\n<p class=\"has-medium-font-size\">Esto te dirige a el amor incondicional, el primer paso en tu camino espiritual. Es un paso continuo de comienzo y de final. Es un paso expansivo continuo. Desarrollar\u00e1s una relaci\u00f3n viva que respira, acogedora con Dios\/Diosa\/Todo lo que es.<\/p>\n\n\n\n<p class=\"has-medium-font-size\">Desarrollaras una funci\u00f3n intuitiva consciente, no es opcional, lo que es opcional es de cuando la desarrollaras y cuanto la desarrollar\u00e1s. Pero eventualmente tendras que desarrollar una funci\u00f3n intuitiva consciente. Intuicion es el acto o la facultad de saber directamente sin el uso del proceso racional. Es no-espacial, no-secuencial y no-linear. Es un todo synergetico que es mas que la suma de partes que no existen.<\/p>\n\n\n\n<p class=\"has-medium-font-size\">El hecho de crear tu propia realidad, el hecho de usar tus pensamientos, y emociones, actitudes y creencias. manifestandolas en esta ilusi\u00f3n en esta realidad, independientemente de si lo sabes o no, independientemente de si lo quieres aceptar o no, ese hecho puede usarse para conclusivamente provar que tu no creas tu realidad y ahi esta la belleza del sistema que puede usarse para comprobar que no existe y esto solo causa que se prueve conclusivamete que si existe. Tu crecimiento espiritual no es decidiendo que crear\u00e1s tu propia realidad, sino descubrir que si lo haces y hacerlo conscientemente. Todos son altamente intuitivos, y aquellos que verdaderamente estan involucrados en una espiritualidad sincera son particularmente intuitivos. Y tu trabajo, tu tarea, tu obligaci\u00f3n envuelto en tu camino espiritual es ahora convertirte en algo que eres tu, algo que ya has estado haciendo siempre, y aceptarlo conscientemente y despu\u00e9s desarrollarlo conscientemente, desarrollar lo que innatamente tienes, desarrollarlo mas de lo que naturalmente ya hiciste, desarrollar la habilidad de ser una persona intuitiva. La intuici\u00f3n es el veh\u00edculo y el combustible que te acercar\u00e1n con Dios\/Diosa\/Todo lo que es. <\/p>\n\n\n\n<p class=\"has-medium-font-size\">Hay dos conceptos cr\u00edticos para realmente salirte del inconsciente colectivo, ya sea de ves en cuando o totalmente, y es concibiendo y percibiendo, y estableciendo el dominio como un reemplazo de la usual dominaci\u00f3n. Moviendote fuera de la dominaci\u00f3n y hacia el dominio, con uno de los factores clave que es la  capacidad de co-creaci\u00f3n, decidiendo juntos con Dios\/Diosa\/Todo lo que es y despu\u00e9s siendo responsable de eso que creaste. La unica manera de lograr tener esa capacidad es funcionando intuitivamente.<\/p>\n\n\n\n<p class=\"has-medium-font-size\">Te sentir\u00e1s m\u00e1s conectado con tu yo superior, con tu prop\u00f3sito de vida, con tus gu\u00edas superiores y el mundo a tu alrededor. Inmediatamente tendr\u00e1s cambios en lo que atraes y se presenta en tu vida, nuevas oportunidades que te ayudar\u00e1n a crecer en las \u00e1reas que necesites. <\/p>\n\n\n\n<p class=\"has-medium-font-size\">Tu nivel de energ\u00eda se incrementar\u00e1, te levantar\u00e1s energizado, fresco y rejuvenecido cada ma\u00f1ana, comenzar\u00e1s a vivir tu vida con prop\u00f3sitos claros y se incrementar\u00e1 la abundancia en todos tus sentidos positivos.<\/p>\n\n\n\n<p class=\"has-medium-font-size\">Los problemas que se te presenten ver\u00e1s la soluci\u00f3n f\u00e1cilmente, la llevar\u00e1s a cabo y seguir\u00e1s tu camino con determinaci\u00f3n en lugar de pararte y estancarte con miedos e indecisiones en el problema, fluir\u00e1s de una manera m\u00e1s elegante en tu crecimiento personal.<\/p>\n\n\n\n<p class=\"has-medium-font-size\">Te sentir\u00e1s m\u00e1s emocionado y optimista acerca de tu vida, tu futuro y tu capacidad de crear cualquier cosa en tu vida. Encontrar\u00e1s f\u00e1cilmente m\u00e1s tiempo para ti, vas a desear vivir tu m\u00e1ximo potencial, encontrar\u00e1s claridad en lo que realmente deseas en tu vida. <\/p>\n\n\n\n<p class=\"has-medium-font-size\">Tendr\u00e1s una conexi\u00f3n m\u00e1s firme con tu yo superior, con tu abundancia, y te convertir\u00e1s en la persona que siempre has querido ser. Vas a enraizar sin esfuerzo creencias inamovibles de ti mismo y tu abundancia financiera, desarrollar\u00e1s practicas espirituales como parte de tu vida, tendr\u00e1s un mayor sentido de unidad, de pertenecer y de contribuir a la humanidad. <\/p>\n\n\n\n<p class=\"has-medium-font-size\">Te sentir\u00e1s mas feliz, realizado, en paz y con calma, pero mas determinante con tus palabras, pensamientos y acciones.<\/p>\n\n\n\n<p class=\"has-medium-font-size\">Observar\u00e1s que conforme mayor sea la alineaci\u00f3n con tu verdadero ser tu sistema inmunol\u00f3gico se recuperar\u00e1 y podr\u00e1 sanar cosas en ti que antes no eran posibles por todo lo que ten\u00edas inconcluso en tu ser, tendr\u00e1s una mejor salud, ser\u00e1s incre\u00edblemente mas creativo, intuitivo y con una mayor conexi\u00f3n espiritual. <\/p>\n\n\n\n<p class=\"has-medium-font-size\">Comienzas a fluir con tu divinidad, con tu prop\u00f3sito divino hasta que te integras a \u00e9l y tu vida fluye positivamente con mayor facilidad, sinti\u00e9ndote un maestro en tu realidad viviendo tu vida en tus propios t\u00e9rminos. Cada vez las cosas que te deten\u00edan se ir\u00e1n transmutando hasta disolverse por completo.<\/p>\n","protected":false},"excerpt":{"rendered":"<p>Al leer o escuchar el contenido de esta p\u00e1gina estas eligiendo conscientemente, recordando y avisando a cada una de tus partes, que puedes crecer y evolucionar m\u00e1s elegantemente a trav\u00e9s del amor y la alegr\u00eda. Que Resultados, Progresos y Transformaciones Experimentar\u00e1s Comenzar\u00e1s tu camino espiritual, dando el primer paso desarrollando una relaci\u00f3n amorosa contigo mismo <a href=\"https:\/\/el-despertar.org\/index.php\/fluyendo-a-los-beneficios\/\" rel=\"nofollow\"><span class=\"sr-only\">Read more about Fluyendo a los Beneficios<\/span>[&hellip;]<\/a><\/p>\n","protected":false},"author":2,"featured_media":0,"parent":0,"menu_order":0,"comment_status":"closed","ping_status":"closed","template":"","meta":{"footnotes":""},"class_list":["post-356","page","type-page","status-publish","hentry"],"_links":{"self":[{"href":"https:\/\/el-despertar.org\/index.php\/wp-json\/wp\/v2\/pages\/356","targetHints":{"allow":["GET"]}}],"collection":[{"href":"https:\/\/el-despertar.org\/index.php\/wp-json\/wp\/v2\/pages"}],"about":[{"href":"https:\/\/el-despertar.org\/index.php\/wp-json\/wp\/v2\/types\/page"}],"author":[{"embeddable":true,"href":"https:\/\/el-despertar.org\/index.php\/wp-json\/wp\/v2\/users\/2"}],"replies":[{"embeddable":true,"href":"https:\/\/el-despertar.org\/index.php\/wp-json\/wp\/v2\/comments?post=356"}],"version-history":[{"count":35,"href":"https:\/\/el-despertar.org\/index.php\/wp-json\/wp\/v2\/pages\/356\/revisions"}],"predecessor-version":[{"id":1148,"href":"https:\/\/el-despertar.org\/index.php\/wp-json\/wp\/v2\/pages\/356\/revisions\/1148"}],"wp:attachment":[{"href":"https:\/\/el-despertar.org\/index.php\/wp-json\/wp\/v2\/media?parent=356"}],"curies":[{"name":"wp","href":"https:\/\/api.w.org\/{rel}","templated":true}]}}