{"id":349,"date":"2020-01-06T20:36:02","date_gmt":"2020-01-06T20:36:02","guid":{"rendered":"http:\/\/el-despertar.org\/?page_id=349"},"modified":"2023-06-04T16:34:14","modified_gmt":"2023-06-04T22:34:14","slug":"fluyendo-a-la-terapia-de-armonizacion-almica-o-del-alma","status":"publish","type":"page","link":"https:\/\/el-despertar.org\/index.php\/fluyendo-a-la-terapia-de-armonizacion-almica-o-del-alma\/","title":{"rendered":"Fluyendo a la Terapia de Integraci\u00f3n del Ser"},"content":{"rendered":"\n<figure class=\"wp-block-image size-large\"><img loading=\"lazy\" decoding=\"async\" width=\"878\" height=\"617\" src=\"https:\/\/el-despertar.org\/wp-content\/uploads\/2020\/01\/WhatsApp-Image-2020-01-13-at-10.43.42-PM.jpeg\" alt=\"\" class=\"wp-image-444\" srcset=\"https:\/\/el-despertar.org\/wp-content\/uploads\/2020\/01\/WhatsApp-Image-2020-01-13-at-10.43.42-PM.jpeg 878w, https:\/\/el-despertar.org\/wp-content\/uploads\/2020\/01\/WhatsApp-Image-2020-01-13-at-10.43.42-PM-300x211.jpeg 300w, https:\/\/el-despertar.org\/wp-content\/uploads\/2020\/01\/WhatsApp-Image-2020-01-13-at-10.43.42-PM-768x540.jpeg 768w, https:\/\/el-despertar.org\/wp-content\/uploads\/2020\/01\/WhatsApp-Image-2020-01-13-at-10.43.42-PM-600x422.jpeg 600w\" sizes=\"auto, (max-width: 878px) 100vw, 878px\" \/><\/figure>\n\n\n\n<p>Al leer o escuchar el contenido de esta p\u00e1gina estas eligiendo conscientemente, recordando  y avisando a cada una de tus partes, crecer y evolucionar a trav\u00e9s del amor y la alegr\u00eda.<\/p>\n\n\n\n<p class=\"has-medium-font-size\">Este trabajo con la alineaci\u00f3n del Esp\u00edritu y el Alma, es una terapia que desarroll\u00e9 juntando con todos mis a\u00f1os de experiencia en esta vida y en otras en el camino espiritual. Utilizo 4 tipos de cristales, que son seres conscientes cristalizados en el tiempo, cada uno con sus propiedades \u00fanicas y son estas las herramientas que incrementan mi energ\u00eda y utilizo para viajar por el espacio, tiempo y l\u00edneas temporales hasta llegar a los puntos cr\u00edticos donde se necesita sanar la experiencia en el momento utilizando la energ\u00eda del perd\u00f3n. <\/p>\n\n\n\n<p class=\"has-medium-font-size\">Les escribir\u00e9 un poco acerca de esta energ\u00eda que los ayudar\u00e1 a cuantificar el poder de la energ\u00eda del perd\u00f3n, imagina un \u00e1tomo, que est\u00e1 compuesto en su centro por protones y neutrones (entre otras part\u00edculas) y alrededor giran los electrones, ahora imagina el espacio que existe entre el centro del \u00e1tomo y los electrones que giran a su alrededor, la energ\u00eda del perd\u00f3n que existe en este espacio es mayor que la energ\u00eda generada por todos los \u00e1tomos del universo juntos.<\/p>\n\n\n\n<p class=\"has-medium-font-size\">Cada cristal tiene una misi\u00f3n y prop\u00f3sito espec\u00edfico que te llevan a un proceso en el cambio e integraci\u00f3n del ser, la armonizaci\u00f3n del alma que se alinea con el enfoque del esp\u00edritu. Esto hace que tu capacidad energ\u00e9tica se expanda y seas m\u00e1s de lo que eras.<\/p>\n\n\n\n<p class=\"has-medium-font-size\">La manera de hacerse es totalmente confidencial, debido a que el trabajo es con el esp\u00edritu y el alma directamente, la persona escribe a mano en una hoja la respuesta a ciertas preguntas que se le enviar\u00e1n en privado, mientras haces eso escribiendo, recuerdas los momentos y situaciones que est\u00e1n ligadas a emociones, estas a su ves est\u00e1n ligadas a redes neuronales las cuales se activan y se prenden ciertas partes del cerebro, definiendo la red neuronal de cuando te sucedi\u00f3 lo que escribes, y al mover el brazo el cerebro manda qu\u00edmicos e impulsos el\u00e9ctricos a tu cuerpo, y te reconectas con esa red neuronal espec\u00edfica, con eso se procede a sanar en la terapia, y formar nuevas redes neuronales en donde eso ya no tendr\u00e1 el peso que ten\u00eda, se hace m\u00e1s f\u00e1cil el poder trascender determinada situaci\u00f3n, y esa hoja cuando est\u00e9 terminada la terapia la vas a romper y quemar.<\/p>\n\n\n\n<p class=\"has-medium-font-size\">Mientras se hace la terapia la persona tendr\u00e1 una botella con agua a su lado ya que esta agua se energizar\u00e1 con las frecuencias que la persona necesita, (Masaru Emoto tom\u00f3 fotos con cristales de agua que los programaban con diferentes frecuencias como el amor, paz, y otras negativas, pueden buscar su trabajo online) y seguir\u00e1 tomando esa agua energizada, rellenando la botella cuando el agua est\u00e9 a la mitad o como m\u00ednimo 1\/3 parte, en los siguientes 7 d\u00edas venideros para mantener y establecer la nueva frecuencia base y todo se hace mientras tenemos una llamada telef\u00f3nica mientras la persona se encuentra en un lugar tranquilo, comodo y sin interrupciones. Puede ser en la comodidad de su casa u oficina. Ya depende de las preferencias de cada persona.<\/p>\n","protected":false},"excerpt":{"rendered":"<p>Al leer o escuchar el contenido de esta p\u00e1gina estas eligiendo conscientemente, recordando y avisando a cada una de tus partes, crecer y evolucionar a trav\u00e9s del amor y la alegr\u00eda. Este trabajo con la alineaci\u00f3n del Esp\u00edritu y el Alma, es una terapia que desarroll\u00e9 juntando con todos mis a\u00f1os de experiencia en esta <a href=\"https:\/\/el-despertar.org\/index.php\/fluyendo-a-la-terapia-de-armonizacion-almica-o-del-alma\/\" rel=\"nofollow\"><span class=\"sr-only\">Read more about Fluyendo a la Terapia de Integraci\u00f3n del Ser<\/span>[&hellip;]<\/a><\/p>\n","protected":false},"author":2,"featured_media":350,"parent":0,"menu_order":0,"comment_status":"closed","ping_status":"closed","template":"","meta":{"footnotes":""},"class_list":["post-349","page","type-page","status-publish","has-post-thumbnail","hentry"],"_links":{"self":[{"href":"https:\/\/el-despertar.org\/index.php\/wp-json\/wp\/v2\/pages\/349","targetHints":{"allow":["GET"]}}],"collection":[{"href":"https:\/\/el-despertar.org\/index.php\/wp-json\/wp\/v2\/pages"}],"about":[{"href":"https:\/\/el-despertar.org\/index.php\/wp-json\/wp\/v2\/types\/page"}],"author":[{"embeddable":true,"href":"https:\/\/el-despertar.org\/index.php\/wp-json\/wp\/v2\/users\/2"}],"replies":[{"embeddable":true,"href":"https:\/\/el-despertar.org\/index.php\/wp-json\/wp\/v2\/comments?post=349"}],"version-history":[{"count":16,"href":"https:\/\/el-despertar.org\/index.php\/wp-json\/wp\/v2\/pages\/349\/revisions"}],"predecessor-version":[{"id":1104,"href":"https:\/\/el-despertar.org\/index.php\/wp-json\/wp\/v2\/pages\/349\/revisions\/1104"}],"wp:featuredmedia":[{"embeddable":true,"href":"https:\/\/el-despertar.org\/index.php\/wp-json\/wp\/v2\/media\/350"}],"wp:attachment":[{"href":"https:\/\/el-despertar.org\/index.php\/wp-json\/wp\/v2\/media?parent=349"}],"curies":[{"name":"wp","href":"https:\/\/api.w.org\/{rel}","templated":true}]}}