{"id":299,"date":"2020-01-06T19:31:09","date_gmt":"2020-01-06T19:31:09","guid":{"rendered":"http:\/\/el-despertar.org\/?page_id=299"},"modified":"2023-04-21T15:28:26","modified_gmt":"2023-04-21T21:28:26","slug":"fluyendo-a-la-piramide","status":"publish","type":"page","link":"https:\/\/el-despertar.org\/index.php\/fluyendo-a-la-piramide\/","title":{"rendered":"Fluyendo a la Pir\u00e1mide"},"content":{"rendered":"\n<figure class=\"wp-block-image size-full\"><img loading=\"lazy\" decoding=\"async\" width=\"911\" height=\"768\" src=\"https:\/\/el-despertar.org\/wp-content\/uploads\/2020\/01\/WhatsApp-Image-2019-12-03-at-1.42.19-PM-2-1-e1680097968770.jpeg\" alt=\"\" class=\"wp-image-411\" srcset=\"https:\/\/el-despertar.org\/wp-content\/uploads\/2020\/01\/WhatsApp-Image-2019-12-03-at-1.42.19-PM-2-1-e1680097968770.jpeg 911w, https:\/\/el-despertar.org\/wp-content\/uploads\/2020\/01\/WhatsApp-Image-2019-12-03-at-1.42.19-PM-2-1-e1680097968770-300x253.jpeg 300w, https:\/\/el-despertar.org\/wp-content\/uploads\/2020\/01\/WhatsApp-Image-2019-12-03-at-1.42.19-PM-2-1-e1680097968770-768x647.jpeg 768w, https:\/\/el-despertar.org\/wp-content\/uploads\/2020\/01\/WhatsApp-Image-2019-12-03-at-1.42.19-PM-2-1-e1680097968770-600x506.jpeg 600w\" sizes=\"auto, (max-width: 911px) 100vw, 911px\" \/><\/figure>\n\n\n\n<p>Al leer el contenido de esta p\u00e1gina estas eligiendo conscientemente, y avisando a cada una de tus partes, evolucionar a trav\u00e9s del amor y la alegr\u00eda.<\/p>\n\n\n\n<p class=\"has-very-dark-gray-color has-text-color has-medium-font-size\">Es una obra en proceso, despu\u00e9s de cuando se le ponga la punta se activar\u00e1n todas las pir\u00e1mides del planeta y se restablecer\u00e1 la red de luz que exist\u00eda en la antig\u00fcedad, la cual fue perforada en ese punto en la estratosfera, y la fuerza magn\u00e9tica del planeta se dejar\u00e1 de fugar.<\/p>\n\n\n\n<p class=\"has-very-dark-gray-color has-text-color has-medium-font-size\">La pir\u00e1mide en si, es una escuela de ense\u00f1anza en donde pueden ir a encontrarse a si mismos y servir\u00e1 de gu\u00eda para cualquier ser que desee continuar el viaje hacia convertirse en la mejor versi\u00f3n de si mismos.  <\/p>\n\n\n\n<figure class=\"wp-block-image size-full\"><img loading=\"lazy\" decoding=\"async\" width=\"734\" height=\"693\" src=\"https:\/\/el-despertar.org\/wp-content\/uploads\/2020\/01\/WhatsApp-Image-2019-12-03-at-1.42.19-PM-1-e1680097743159.jpeg\" alt=\"\" class=\"wp-image-322\" srcset=\"https:\/\/el-despertar.org\/wp-content\/uploads\/2020\/01\/WhatsApp-Image-2019-12-03-at-1.42.19-PM-1-e1680097743159.jpeg 734w, https:\/\/el-despertar.org\/wp-content\/uploads\/2020\/01\/WhatsApp-Image-2019-12-03-at-1.42.19-PM-1-e1680097743159-300x283.jpeg 300w, https:\/\/el-despertar.org\/wp-content\/uploads\/2020\/01\/WhatsApp-Image-2019-12-03-at-1.42.19-PM-1-e1680097743159-600x566.jpeg 600w\" sizes=\"auto, (max-width: 734px) 100vw, 734px\" \/><\/figure>\n","protected":false},"excerpt":{"rendered":"<p>Al leer el contenido de esta p\u00e1gina estas eligiendo conscientemente, y avisando a cada una de tus partes, evolucionar a trav\u00e9s del amor y la alegr\u00eda. Es una obra en proceso, despu\u00e9s de cuando se le ponga la punta se activar\u00e1n todas las pir\u00e1mides del planeta y se restablecer\u00e1 la red de luz que exist\u00eda <a href=\"https:\/\/el-despertar.org\/index.php\/fluyendo-a-la-piramide\/\" rel=\"nofollow\"><span class=\"sr-only\">Read more about Fluyendo a la Pir\u00e1mide<\/span>[&hellip;]<\/a><\/p>\n","protected":false},"author":2,"featured_media":322,"parent":0,"menu_order":0,"comment_status":"closed","ping_status":"closed","template":"","meta":{"footnotes":""},"class_list":["post-299","page","type-page","status-publish","has-post-thumbnail","hentry"],"_links":{"self":[{"href":"https:\/\/el-despertar.org\/index.php\/wp-json\/wp\/v2\/pages\/299","targetHints":{"allow":["GET"]}}],"collection":[{"href":"https:\/\/el-despertar.org\/index.php\/wp-json\/wp\/v2\/pages"}],"about":[{"href":"https:\/\/el-despertar.org\/index.php\/wp-json\/wp\/v2\/types\/page"}],"author":[{"embeddable":true,"href":"https:\/\/el-despertar.org\/index.php\/wp-json\/wp\/v2\/users\/2"}],"replies":[{"embeddable":true,"href":"https:\/\/el-despertar.org\/index.php\/wp-json\/wp\/v2\/comments?post=299"}],"version-history":[{"count":24,"href":"https:\/\/el-despertar.org\/index.php\/wp-json\/wp\/v2\/pages\/299\/revisions"}],"predecessor-version":[{"id":1064,"href":"https:\/\/el-despertar.org\/index.php\/wp-json\/wp\/v2\/pages\/299\/revisions\/1064"}],"wp:featuredmedia":[{"embeddable":true,"href":"https:\/\/el-despertar.org\/index.php\/wp-json\/wp\/v2\/media\/322"}],"wp:attachment":[{"href":"https:\/\/el-despertar.org\/index.php\/wp-json\/wp\/v2\/media?parent=299"}],"curies":[{"name":"wp","href":"https:\/\/api.w.org\/{rel}","templated":true}]}}