{"id":292,"date":"2020-01-03T00:43:12","date_gmt":"2020-01-03T00:43:12","guid":{"rendered":"http:\/\/el-despertar.org\/?page_id=292"},"modified":"2023-04-13T03:18:12","modified_gmt":"2023-04-13T09:18:12","slug":"fluyendo-a-conocernos","status":"publish","type":"page","link":"https:\/\/el-despertar.org\/index.php\/fluyendo-a-conocernos\/","title":{"rendered":"Fluyendo a Conocernos"},"content":{"rendered":"\n<p><\/p>\n\n\n\n<figure class=\"wp-block-image size-large is-style-default\"><img loading=\"lazy\" decoding=\"async\" width=\"770\" height=\"528\" src=\"http:\/\/el-despertar.org\/wp-content\/uploads\/2020\/01\/WhatsApp-Image-2019-12-13-at-5.32.11-PM-1.jpeg\" alt=\"\" class=\"wp-image-318\" srcset=\"https:\/\/el-despertar.org\/wp-content\/uploads\/2020\/01\/WhatsApp-Image-2019-12-13-at-5.32.11-PM-1.jpeg 770w, https:\/\/el-despertar.org\/wp-content\/uploads\/2020\/01\/WhatsApp-Image-2019-12-13-at-5.32.11-PM-1-300x206.jpeg 300w, https:\/\/el-despertar.org\/wp-content\/uploads\/2020\/01\/WhatsApp-Image-2019-12-13-at-5.32.11-PM-1-768x527.jpeg 768w, https:\/\/el-despertar.org\/wp-content\/uploads\/2020\/01\/WhatsApp-Image-2019-12-13-at-5.32.11-PM-1-600x411.jpeg 600w\" sizes=\"auto, (max-width: 770px) 100vw, 770px\" \/><\/figure>\n\n\n\n<p><\/p>\n\n\n\n<p>Al leer el contenido de esta p\u00e1gina estas eligiendo conscientemente, y avisando a cada una de tus partes, evolucionar a trav\u00e9s del amor y la alegr\u00eda.<\/p>\n\n\n\n<p class=\"has-very-dark-gray-color has-text-color has-medium-font-size\">Mi nombre es Sergio Altaba Elizondo, mi camino me ha llevado por distintas doctrinas y ense\u00f1anzas, en donde he experimentado encuentros directos con personas, especies y seres que me han guiado en distintas \u00e1reas de la vida, me han ayudado a recordar qui\u00e9n soy y a que vine a este planeta tierra, estar\u00e9 eternamente agradecido con todos los que estuvieron involucrados en el proceso de mi despertar.<\/p>\n\n\n\n<p class=\"has-very-dark-gray-color has-text-color has-medium-font-size\">Vine a esta era a ayudar en la reconexi\u00f3n con la luz de tu verdadero ser, a ayudarlos a transformarse en m\u00e1s de lo que realmente son, y seguir avanzando a convertirte en la mejor versi\u00f3n de ti mismo, mediante el amor, el equilibrio, la paz, la alegr\u00eda y la ayuda de los seres del movimiento, seres que forman parte de la Asociaci\u00f3n de Seres Iluminados, maestros ascendidos, y seres invisibles.<\/p>\n\n\n\n<p class=\"has-medium-font-size\">En tu crecimiento personal, se puede avanzar con mayor elegancia en el camino del amor y la alegr\u00eda que mediante el miedo y el dolor. La elegancia es lograr la mayor cantidad de cosas posibles utilizando la m\u00ednima cantidad de energ\u00eda.<\/p>\n","protected":false},"excerpt":{"rendered":"<p>Al leer el contenido de esta p\u00e1gina estas eligiendo conscientemente, y avisando a cada una de tus partes, evolucionar a trav\u00e9s del amor y la alegr\u00eda. Mi nombre es Sergio Altaba Elizondo, mi camino me ha llevado por distintas doctrinas y ense\u00f1anzas, en donde he experimentado encuentros directos con personas, especies y seres que me <a href=\"https:\/\/el-despertar.org\/index.php\/fluyendo-a-conocernos\/\" rel=\"nofollow\"><span class=\"sr-only\">Read more about Fluyendo a Conocernos<\/span>[&hellip;]<\/a><\/p>\n","protected":false},"author":2,"featured_media":0,"parent":0,"menu_order":0,"comment_status":"closed","ping_status":"closed","template":"","meta":{"footnotes":""},"class_list":["post-292","page","type-page","status-publish","hentry"],"_links":{"self":[{"href":"https:\/\/el-despertar.org\/index.php\/wp-json\/wp\/v2\/pages\/292","targetHints":{"allow":["GET"]}}],"collection":[{"href":"https:\/\/el-despertar.org\/index.php\/wp-json\/wp\/v2\/pages"}],"about":[{"href":"https:\/\/el-despertar.org\/index.php\/wp-json\/wp\/v2\/types\/page"}],"author":[{"embeddable":true,"href":"https:\/\/el-despertar.org\/index.php\/wp-json\/wp\/v2\/users\/2"}],"replies":[{"embeddable":true,"href":"https:\/\/el-despertar.org\/index.php\/wp-json\/wp\/v2\/comments?post=292"}],"version-history":[{"count":15,"href":"https:\/\/el-despertar.org\/index.php\/wp-json\/wp\/v2\/pages\/292\/revisions"}],"predecessor-version":[{"id":1047,"href":"https:\/\/el-despertar.org\/index.php\/wp-json\/wp\/v2\/pages\/292\/revisions\/1047"}],"wp:attachment":[{"href":"https:\/\/el-despertar.org\/index.php\/wp-json\/wp\/v2\/media?parent=292"}],"curies":[{"name":"wp","href":"https:\/\/api.w.org\/{rel}","templated":true}]}}