{"id":278,"date":"2020-01-02T23:29:21","date_gmt":"2020-01-02T23:29:21","guid":{"rendered":"http:\/\/el-despertar.org\/?page_id=278"},"modified":"2023-04-05T08:47:54","modified_gmt":"2023-04-05T14:47:54","slug":"fluyendo-a-nuestra-mision","status":"publish","type":"page","link":"https:\/\/el-despertar.org\/index.php\/fluyendo-a-nuestra-mision\/","title":{"rendered":"Fluyendo a Nuestra Misi\u00f3n"},"content":{"rendered":"\n<figure class=\"wp-block-image size-large\"><img loading=\"lazy\" decoding=\"async\" width=\"1024\" height=\"575\" src=\"https:\/\/el-despertar.org\/wp-content\/uploads\/2020\/01\/WhatsApp-Image-2020-01-06-at-2.16.20-PM-1-1024x575.jpeg\" alt=\"\" class=\"wp-image-358\" srcset=\"https:\/\/el-despertar.org\/wp-content\/uploads\/2020\/01\/WhatsApp-Image-2020-01-06-at-2.16.20-PM-1-1024x575.jpeg 1024w, https:\/\/el-despertar.org\/wp-content\/uploads\/2020\/01\/WhatsApp-Image-2020-01-06-at-2.16.20-PM-1-300x169.jpeg 300w, https:\/\/el-despertar.org\/wp-content\/uploads\/2020\/01\/WhatsApp-Image-2020-01-06-at-2.16.20-PM-1-768x431.jpeg 768w, https:\/\/el-despertar.org\/wp-content\/uploads\/2020\/01\/WhatsApp-Image-2020-01-06-at-2.16.20-PM-1-600x337.jpeg 600w, https:\/\/el-despertar.org\/wp-content\/uploads\/2020\/01\/WhatsApp-Image-2020-01-06-at-2.16.20-PM-1.jpeg 1280w\" sizes=\"auto, (max-width: 1024px) 100vw, 1024px\" \/><\/figure>\n\n\n\n<p>Al leer el contenido de esta p\u00e1gina estas eligiendo conscientemente, y avisando a cada una de tus partes, evolucionar a trav\u00e9s del amor y la alegr\u00eda.<\/p>\n\n\n\n<p class=\"has-very-dark-gray-color has-text-color has-medium-font-size\">Ser el puente de luz hacia la evoluci\u00f3n de los seres, record\u00e1ndoles su prop\u00f3sito divino y alent\u00e1ndolos a ser su mejor versi\u00f3n. As\u00ed como una comunidad de luz y apoyo,  creando un lugar donde amar es seguro. Y lograr hacer con el tiempo de la espiritualidad (siendo esta nuestra relaci\u00f3n con Dios\/Diosa\/Todo lo que es) la prioridad n\u00famero 1, quedando dentro de ella todas las dem\u00e1s prioridades.  Y con esto lograremos la integraci\u00f3n del cosmos en equilibrio logrando as\u00ed instalar la nueva espiritualidad, y con la nueva programaci\u00f3n hacer futuros antes imposibles de crear. Volviendo verdaderamente a la unidad.<\/p>\n","protected":false},"excerpt":{"rendered":"<p>Al leer el contenido de esta p\u00e1gina estas eligiendo conscientemente, y avisando a cada una de tus partes, evolucionar a trav\u00e9s del amor y la alegr\u00eda. Ser el puente de luz hacia la evoluci\u00f3n de los seres, record\u00e1ndoles su prop\u00f3sito divino y alent\u00e1ndolos a ser su mejor versi\u00f3n. As\u00ed como una comunidad de luz y <a href=\"https:\/\/el-despertar.org\/index.php\/fluyendo-a-nuestra-mision\/\" rel=\"nofollow\"><span class=\"sr-only\">Read more about Fluyendo a Nuestra Misi\u00f3n<\/span>[&hellip;]<\/a><\/p>\n","protected":false},"author":2,"featured_media":0,"parent":0,"menu_order":0,"comment_status":"closed","ping_status":"closed","template":"","meta":{"footnotes":""},"class_list":["post-278","page","type-page","status-publish","hentry"],"_links":{"self":[{"href":"https:\/\/el-despertar.org\/index.php\/wp-json\/wp\/v2\/pages\/278","targetHints":{"allow":["GET"]}}],"collection":[{"href":"https:\/\/el-despertar.org\/index.php\/wp-json\/wp\/v2\/pages"}],"about":[{"href":"https:\/\/el-despertar.org\/index.php\/wp-json\/wp\/v2\/types\/page"}],"author":[{"embeddable":true,"href":"https:\/\/el-despertar.org\/index.php\/wp-json\/wp\/v2\/users\/2"}],"replies":[{"embeddable":true,"href":"https:\/\/el-despertar.org\/index.php\/wp-json\/wp\/v2\/comments?post=278"}],"version-history":[{"count":12,"href":"https:\/\/el-despertar.org\/index.php\/wp-json\/wp\/v2\/pages\/278\/revisions"}],"predecessor-version":[{"id":1015,"href":"https:\/\/el-despertar.org\/index.php\/wp-json\/wp\/v2\/pages\/278\/revisions\/1015"}],"wp:attachment":[{"href":"https:\/\/el-despertar.org\/index.php\/wp-json\/wp\/v2\/media?parent=278"}],"curies":[{"name":"wp","href":"https:\/\/api.w.org\/{rel}","templated":true}]}}