{"id":1018,"date":"2023-04-05T16:57:59","date_gmt":"2023-04-05T22:57:59","guid":{"rendered":"https:\/\/el-despertar.org\/?page_id=1018"},"modified":"2023-06-28T14:13:39","modified_gmt":"2023-06-28T20:13:39","slug":"fluyendo-hacia-la-kundalini-y-el-karma","status":"publish","type":"page","link":"https:\/\/el-despertar.org\/index.php\/fluyendo-hacia-la-kundalini-y-el-karma\/","title":{"rendered":"Fluyendo hacia la Kundalini y el Karma"},"content":{"rendered":"\n<figure class=\"wp-block-image size-full\"><img loading=\"lazy\" decoding=\"async\" width=\"994\" height=\"525\" src=\"https:\/\/el-despertar.org\/wp-content\/uploads\/2023\/04\/Screenshot_2023-04-05-19-41-32-168-edit_com.android.chrome.jpg\" alt=\"\" class=\"wp-image-1034\" srcset=\"https:\/\/el-despertar.org\/wp-content\/uploads\/2023\/04\/Screenshot_2023-04-05-19-41-32-168-edit_com.android.chrome.jpg 994w, https:\/\/el-despertar.org\/wp-content\/uploads\/2023\/04\/Screenshot_2023-04-05-19-41-32-168-edit_com.android.chrome-300x158.jpg 300w, https:\/\/el-despertar.org\/wp-content\/uploads\/2023\/04\/Screenshot_2023-04-05-19-41-32-168-edit_com.android.chrome-768x406.jpg 768w, https:\/\/el-despertar.org\/wp-content\/uploads\/2023\/04\/Screenshot_2023-04-05-19-41-32-168-edit_com.android.chrome-600x317.jpg 600w, https:\/\/el-despertar.org\/wp-content\/uploads\/2023\/04\/Screenshot_2023-04-05-19-41-32-168-edit_com.android.chrome-114x60.jpg 114w, https:\/\/el-despertar.org\/wp-content\/uploads\/2023\/04\/Screenshot_2023-04-05-19-41-32-168-edit_com.android.chrome-170x90.jpg 170w\" sizes=\"auto, (max-width: 994px) 100vw, 994px\" \/><\/figure>\n\n\n\n<p>Al leer o escuchar el contenido de esta p\u00e1gina estas eligiendo conscientemente, recordando y avisando a cada una de tus partes, que puedes crecer y evolucionar m\u00e1s elegantemente a trav\u00e9s del amor y la alegr\u00eda.<\/p>\n\n\n\n<p>El concepto de Kundalini es oriental y es literalmente una serpiente enrollada, que representa la energ\u00eda que reside dentro de los chakras y su flujo por estos. Este primer chakra est\u00e1 en la columna vertebral en la base y se ahi despierta el flujo de energ\u00eda hacia la cabeza. El despertar de manera injustificada y m\u00e1s bien fr\u00eda podr\u00edan ser potencialmente perjudiciales temporalmente al menos, si no es que permanentemente. Y el miedo a eso a sido excesivamente exagerado. A medida se acerca al kundalini &#8211; se acerca a la serpiente interna &#8211; y trabaja en desarrollar y abrir los chakras en orden, puede ser totalmente seguro.<\/p>\n\n\n\n<p>Comienza con el primer chakra ese es el centro de la seguridad, la seguridad f\u00edsica. Comienza a hacerte cargo de tu seguridad f\u00edsica observando: &#8220;\u00bfCu\u00e1les son mis inquietudes?\u00bfCuales son mis beneficios ocultos?\u00bfCuales son mis bloqueos alrededor de este asunto de seguridad?\u00bfPor que tengo miedo de perder mi seguridad? Que puedo hacer en mi proceso, en mi crecimiento, en mi educaci\u00f3n de consciencia espiritual de tal modo que mitigue mis miedos, mis dudas y mis incertidumbres, a fin de reforzar, a fin de equilibrar este primer centro de seguridad f\u00edsica?<\/p>\n\n\n\n<p>Luego avanza al segundo centro, el chakra del \u00e1rea genital, el cual se refiere al placer. Se refiere no s\u00f3lo al placer sexual, aunque ciertamente lo incluye. Todos los placeres, sin embargo, est\u00e1n incluidos en este centro. Cual es mi culpa, mi miedo, cuales son mis creencias en este asunto del placer. A medida que puedas llegar a comprender y a aceptar o rechazar conscientemente esas creencias particulares, podr\u00e1s moldearlas y cambiarlas a fin de tener un sentido de poder a partir de ese segundo centro.<\/p>\n\n\n\n<p>Luego mueve tu energ\u00eda el tercer, cuarto y quinto chakras. El tercer chakra el plexo solar, y tiene que ver con las emociones como est\u00e1n relacionadas contigo, con tu mundo y con los que te rodean. El cuarto chakra representa al coraz\u00f3n, y por consiguiente tiene que ver con el amor propio y el amor de una naturaleza m\u00e1s profunda, m\u00e1s significativa o \u00edntima hacia ti mismo y hacia otros. El quinto chakra tine que ver con la expresi\u00f3n, claramente, y por lo tanto est\u00e1 relacionado con la garganta y su apertura.<\/p>\n\n\n\n<p>El sexto chakra tiene que ver con la naturaleza intuitiva y est\u00e1 localizado en la frente, y el s\u00e9ptimo tiene que ver con la naturaleza espiritual y est\u00e1 localizado dentro del centro del cerebro &#8211; al menos para los prop\u00f3sitos de meditaci\u00f3n.<\/p>\n\n\n\n<p>Para trabajar con estos chakras, trabaja con cada uno de estos centros de manera individual y colectiva. Ese es el secreto. Si te encargas de los chakras uno a la vez y s\u00f3lo trabajas con uno y lo dejas atr\u00e1s para avanzar al siguiente, entonces podr\u00edas causar repercusiones en la elevaci\u00f3n o el despertar del kundalini. Sin embargo funcionar\u00e1 bien abrir el primero, y mientras est\u00e1s abriendo el primero, cuando sientas confianza, moverte hacia el segundo, manteniendo el primero y ahora el segundo funcionando. Luego mu\u00e9vete hacia el tercero, de tal forma que est\u00e9s trabajando con el primero, el segundo y el tercero. Esto evoca en la mente de uno la aventura de platos giratorios, manteniendo al primero, segundo y tercero en movimiento simult\u00e1neo.<\/p>\n\n\n\n<p>Para cuando gires el s\u00e9ptimo plato y logres que realmente gire, tienes que regresar corriendo al primero, al segundo y avanzar hacia el tercer, etc. Por lo tanto, la idea no es hacer uno y luego el que sigue, sino m\u00e1s bien hacer uno y luego de manera expansiva agregar el siguiente, y agregar el tercero, y luego agregar el cuarto y todos los dem\u00e1s hasta el sexto, y finalmente abrir el s\u00e9ptimo. M\u00e1s bien, permitir &#8211; permitir &#8211; permitir que el s\u00e9ptimo se abra.<\/p>\n\n\n\n<p>Luego sugerir\u00edamos que la velocidad de tal apertura realmente depende de ti. Si te lo planteas sobre esta base, casi nunca podr\u00e1s ir demasiado aprisa por ti mismo. Esta es la manera de tomar el control de tu propia energ\u00eda kundalini. No tienes que requerir o depender de alguien m\u00e1s que te diga cu\u00e1ndo est\u00e1s listo para hacer esos movimientos. Cuando abres tus chakras para obtener poder, \u00a1es una l\u00e1stima darse la vuelta y regalarlo!<\/p>\n\n\n\n<p>Karma, decid\u00ed escribir sobre este tema por que la mayor\u00eda del planeta tierra est\u00e1 en la falsa creencia del concepto establecido. El tiempo es una ilusi\u00f3n. Los cient\u00edficos han probado que es una ilusi\u00f3n. Creas el tiempo para poner un punto establecido en un momento, vamos a hacerlo el domingo 13 a las 8:00 p.m. Es mucho m\u00e1s conveniente as\u00ed. El tiempo es una ilusi\u00f3n, lo cual significa que no existe un despu\u00e9s. Solo existe el ahora.<\/p>\n\n\n\n<p>El karma tambi\u00e9n se le llama causa y efecto. El karma supuestamente es la ley que dice que lo que t\u00fa hiciste entonces lo est\u00e1s pagando ahora. pero espera un minuto. Todo esta sucediendo al mismo tiempo. T\u00fa dices, Si tu asesinaste a alguien en otra vida. Entonces tendr\u00e1s que ser asesinado en esta vida.\u00a1Qu\u00e9 disparate! \u00a1Qu\u00e9 absurdo tan absoluto! Si eres asesinado en esta vida y tu asesinaste a alguien en aquella vida, ambos sucesos est\u00e1n sucediendo simult\u00e1neamente. \u00bfC\u00f3mo podr\u00eda uno causar el otro? No puede \u00a1No puede! por lo tanto, esta idea de que est\u00e1s pagando en esta vida por lo que hiciste en tus vidas pasadas es una declaraci\u00f3n filos\u00f3fica &#8211; pol\u00edtica &#8211; metaf\u00edsica y no una declaraci\u00f3n acertada.<\/p>\n\n\n\n<p>Imagina que estas con el hombre santo, y est\u00e1n tus 4 millones de seguidores que est\u00e1n muriendo de hambre, que tienen vidas miserables que existen en una pobreza absoluta y despreciable. As\u00ed que, qu\u00e9 les dices? Pues tu creaste esto por que no te amas a ti mimo lo suficientemente bien.\u00a1Ay! \u00a1Vaya frase autodestructiva! Te pisotean en estampida. Absolutamente&#8230;. As\u00ed que en lugar de eso dices &#8220;Mmmmm, \u00bftodo tu sufrimiento ahora? Al\u00e9grate por ello, por que estas quemando karma. Debes de haber sido un ser humano podrido hasta la m\u00e9dula seg\u00fan el karma que est\u00e1s quemando, pero no obstante est\u00e1s quemando karma, y cada vida traes vida, traes vida llena de miseria est\u00e1n quemando karmas&#8221;. Que cosa podr\u00edas haber hecho tu para merecer 30, 40, 50, 60 o 100 a\u00f1os de miseria y tragedias.\u00a1Vaya por Dios! No, es lo que tu dices para aplacar a millones de personas cuando puedes escuchar los gru\u00f1idos de sus est\u00f3magos y ver el hambre en sus ojos. Eslo que haces cuando no conoces otra manera de silenciar el gru\u00f1ido o acabar con el hambre. &#8220;Estas quemando karma. Hubo un tiempo en el que fuiste glot\u00f3n y comiste demasiado, as\u00ed que ahora lo estas quemando. Hubo un tiempo en el que despojaste a la gente de sus alimentos, y lo estas quemando.<\/p>\n\n\n\n<p>Todas las cosas son simult\u00e1neas. No existe tal cosa como la Ley, la Ley del Karma. Existe un tipo de elecci\u00f3n k\u00e1rmica que tu creas para ti mismo. Esa es la importancia, una elecci\u00f3n karmica no una ley.<\/p>\n\n\n\n<p>Ver\u00e1s, quiz\u00e1s hiciste algo despreciable en una vida pasada y t\u00fa decides: Mira, yo tengo que trabar en eso. No puedo dejar que eso se quede as\u00ed. Yo quiero arreglar eso. Quiz\u00e1s traicionaste a alguien y por lo tanto dijiste, yo no puedo darle la espalda a eso. Yo estoy eligiendo, yo estoy decidiendo, yo estoy creyendo que quiero pagar por eso. Yo quiero pagar por ello sufri\u00e9ndolo yo mismo.<\/p>\n\n\n\n<p>Ahora bien, te preguntamos, si le cortas los dedos a una persona y despu\u00e9s sientes. Que hice? acaso el cortar tu propio dedo lo arregla? No, no lo hace.  El hasta ma\u00f1ana hablamos lo arregla, no no lo arregla. La forma adecuada para sanar esa situaci\u00f3n creada por ti es perdon\u00e1ndote a ti mismo, y les pides perd\u00f3n en cualquier nivel que necesites hacer eso, eso es lo que lo arregla. Eso es lo que lo arregla. As\u00ed que pudiste haber hecho cosas traicioneras y despreciables en tu pasado, absolutamente. Y pudiste haber fracasado miserablemente con el amor, y pudiste haber fracasado miserablemente con el poder, y pudiste haber sido una persona opresora, y decidiste, en esta vida yo quiero encargarme del amor, y quiero aprender acerca de la opresi\u00f3n y quiero encargarme de esto y quiero encargarme de aquello y quiero encargarme del poder, pero eso es tu elecci\u00f3n &#8211; no la imposici\u00f3n del karma. Eso es tu elecci\u00f3n.<\/p>\n\n\n\n<p>Por consiguiente, el karma si existe siempre y cuando tu creas en \u00e9l, y en cuanto estas dispuesto a soltarlo desaparece. No en cuanto alguien te da permiso, sino m\u00e1s bien en cuanto tu est\u00e1s dispuesto a soltarlo, desaparece. As\u00ed que en efecto, si tienes karma por que t\u00fa lo eliges. Dios no te lo impuso.<\/p>\n\n\n\n<p>Algunos dicen que el karma es una ley. Nosotros decimos que es una elecci\u00f3n. Te alentamos a pensar por ti mismo. T\u00fa sabes que el tiempo es una ilusi\u00f3n simultanea. Por lo tanto, todo est\u00e1 sucediendo ahora. No, el karma no es una ley, es una elecci\u00f3n. \u00bfComo podr\u00edas estar t\u00fa pagando retribuci\u00f3n por una vida que est\u00e1 sucediendo ahora mismo?<\/p>\n\n\n\n<p>Si fuiste traicionado antes y eres traicionado ahora, la causa de esa traici\u00f3n actual est\u00e1 en el ahora, y tu eliges si la traici\u00f3n previa la empeorar\u00e1 o si la traici\u00f3n previa lo har\u00e1 m\u00e1s facil. Es tu elecci\u00f3n, no la ley, y cuando puedes darte cuenta de esto entonces puedes soltarlo, y habr\u00e1s terminado con la &#8220;Rueda del Karma&#8221;.<\/p>\n\n\n\n<p>Terminas con el karma cuando te permites a ti mismo soltarlo, al igual que terminas con las vidas f\u00edsicas cuando t\u00fa puedes decidir que has terminado, cuando puedes darte cuenta, ya he aprendido suficiente, en realidad yo eleg\u00ed aprender y ya termin\u00e9, nosotros no dijimos que no aprendes. Sugerimos que no tienes que hacerlo. No tienes que hacerlo, pero lo haces.\u00bfQue hay con el karma? Es una elecci\u00f3n, una elecci\u00f3n autodeterminada y autoimpuesta.<\/p>\n","protected":false},"excerpt":{"rendered":"<p>Al leer o escuchar el contenido de esta p\u00e1gina estas eligiendo conscientemente, recordando y avisando a cada una de tus partes, que puedes crecer y evolucionar m\u00e1s elegantemente a trav\u00e9s del amor y la alegr\u00eda. El concepto de Kundalini es oriental y es literalmente una serpiente enrollada, que representa la energ\u00eda que reside dentro de <a href=\"https:\/\/el-despertar.org\/index.php\/fluyendo-hacia-la-kundalini-y-el-karma\/\" rel=\"nofollow\"><span class=\"sr-only\">Read more about Fluyendo hacia la Kundalini y el Karma<\/span>[&hellip;]<\/a><\/p>\n","protected":false},"author":2,"featured_media":0,"parent":0,"menu_order":0,"comment_status":"closed","ping_status":"closed","template":"","meta":{"footnotes":""},"class_list":["post-1018","page","type-page","status-publish","hentry"],"_links":{"self":[{"href":"https:\/\/el-despertar.org\/index.php\/wp-json\/wp\/v2\/pages\/1018","targetHints":{"allow":["GET"]}}],"collection":[{"href":"https:\/\/el-despertar.org\/index.php\/wp-json\/wp\/v2\/pages"}],"about":[{"href":"https:\/\/el-despertar.org\/index.php\/wp-json\/wp\/v2\/types\/page"}],"author":[{"embeddable":true,"href":"https:\/\/el-despertar.org\/index.php\/wp-json\/wp\/v2\/users\/2"}],"replies":[{"embeddable":true,"href":"https:\/\/el-despertar.org\/index.php\/wp-json\/wp\/v2\/comments?post=1018"}],"version-history":[{"count":10,"href":"https:\/\/el-despertar.org\/index.php\/wp-json\/wp\/v2\/pages\/1018\/revisions"}],"predecessor-version":[{"id":1120,"href":"https:\/\/el-despertar.org\/index.php\/wp-json\/wp\/v2\/pages\/1018\/revisions\/1120"}],"wp:attachment":[{"href":"https:\/\/el-despertar.org\/index.php\/wp-json\/wp\/v2\/media?parent=1018"}],"curies":[{"name":"wp","href":"https:\/\/api.w.org\/{rel}","templated":true}]}}